{"id":7283,"date":"2023-03-21T17:11:50","date_gmt":"2023-03-21T16:11:50","guid":{"rendered":"https:\/\/bialmich.com\/?page_id=7283"},"modified":"2023-03-24T19:14:46","modified_gmt":"2023-03-24T18:14:46","slug":"about_us","status":"publish","type":"page","link":"https:\/\/bialmich.com\/en\/about_us\/","title":{"rendered":"ABOUT US"},"content":{"rendered":"<section class=\"wpb-content-wrapper\"><p>[vc_row gap=&#8221;20&#8243; content_placement=&#8221;middle&#8221; row_vertical_center=&#8221;1&#8243; bg_parallax=&#8221;off&#8221; css=&#8221;.vc_custom_1679506960226{margin-top: 0px !important;margin-bottom: 0px !important;padding-top: 60px !important;padding-bottom: 0px !important;}&#8221;][vc_column][vc_column_text css=&#8221;.vc_custom_1679667000478{margin-bottom: 0px !important;padding-bottom: 0px !important;}&#8221;]<\/p>\n<p style=\"text-align: center; font-size: 25px; line-height: 35px;\">We are located in Bia\u0142a Podlaska, situated ca. 40 km away from the border with Belarus and border crossing at Terespol-Brze\u015b\u0107, next to important A2 route. Thanks to our strategic location, we are able to focus on offering better service to our clients not only from the European Union, but also the Eastern Europe, Asia and former Soviet Union countries.<\/p>\n<p>[\/vc_column_text]<div class=\"ozy-content-divider \" style=\"border-top-style:solid;border-top-width:2px;border-top-color:#b22d2a;width:40px;max-width:40px;margin:20px auto;\"><\/div>[\/vc_column][\/vc_row][vc_row gap=&#8221;20&#8243; content_placement=&#8221;middle&#8221; row_vertical_center=&#8221;1&#8243; bg_parallax=&#8221;off&#8221; css=&#8221;.vc_custom_1679506960226{margin-top: 0px !important;margin-bottom: 0px !important;padding-top: 60px !important;padding-bottom: 0px !important;}&#8221;][vc_column width=&#8221;1\/2&#8243;][vc_column_text]&nbsp;<br \/>\nThe company started it market journey in 2011 and has been growing rapidly ever since, expanding its range to include specialised transportation and warehousing services, and providing customs agency services. Our everyday activities are guided by the values that enable us to build long-lasting relations based on mutual respect. We develop transparent cooperation procedures and follow them in everyday operations.<\/p>\n<p>We specialise not only in conventional road transportation, but also in carrying chemicals, pharmaceuticals and dangerous goods, the transportation of which requires special ADR authorisations and equipment.[\/vc_column_text][\/vc_column][vc_column width=&#8221;1\/2&#8243;][vc_single_image image=&#8221;7502&#8243; img_size=&#8221;full&#8221; alignment=&#8221;center&#8221; zoom_on_hover=&#8221;yes&#8221;][\/vc_column][\/vc_row][vc_row][vc_column]<div style=\"height:90px\" class=\"ozy-spacer\"><\/div>[\/vc_column][\/vc_row][vc_row parallax=&#8221;content-moving&#8221; bg_parallax=&#8221;on&#8221; css=&#8221;.vc_custom_1679561158707{margin-top: 0px !important;margin-bottom: 0px !important;padding-top: 60px !important;padding-bottom: 60px !important;background-color: #ba292c !important;background-position: center;background-repeat: no-repeat !important;background-size: cover !important;}&#8221; font_color=&#8221;#ffffff&#8221;][vc_column css=&#8221;.vc_custom_1679561891861{padding-right: 40px !important;padding-left: 40px !important;}&#8221;]<h2 class=\"ozy-divider-cap-center wpb_content_element\">OUR PRIORITIES<\/h2><div class=\"ozy-content-divider \" style=\"border-top-style:solid;border-top-width:2px;border-top-color:#ffffff;width:40px;max-width:40px;margin:20px auto;\"><\/div>[vc_column_text css=&#8221;.vc_custom_1679666965979{padding-top: 20px !important;}&#8221;]<\/p>\n<p style=\"text-align: center;\"><strong>Our priority is to deliver your goods safely and on time to the address you specify.<\/strong><\/p>\n<p>[\/vc_column_text][vc_row_inner content_placement=&#8221;middle&#8221;][vc_column_inner width=&#8221;1\/2&#8243;][vc_single_image image=&#8221;7394&#8243; img_size=&#8221;500&#215;300&#8243; alignment=&#8221;center&#8221; zoom_on_hover=&#8221;yes&#8221;][\/vc_column_inner][vc_column_inner width=&#8221;1\/2&#8243;][vc_column_text css=&#8221;.vc_custom_1679666949505{padding-top: 20px !important;}&#8221;]Transportation is a highly dynamic service: there are times when everything goes according to plan, but also times when unpredictable things may happen. Therefore in crisis situations, which are abundant in this industry, immediate response is crucial. Such immediate response is made possible at particular stages of the transportation only by having early information and being aware of any irregularities.<\/p>\n<p>Our priority also includes responsibility. We approach any occurring problems in a rational and brave manner and use them as challenges that always need to be addressed.[\/vc_column_text][\/vc_column_inner][\/vc_row_inner][vc_row_inner content_placement=&#8221;middle&#8221;][vc_column_inner width=&#8221;1\/2&#8243;][vc_column_text css=&#8221;.vc_custom_1679666928027{padding-top: 20px !important;}&#8221;]Every irregularity is subject to a thorough cause-and-effect analysis in our company. To this end, we use tools that enable us to develop and implement solutions that mitigate or prevent similar mistakes in the future.<\/p>\n<p>With Bial-Mich, you can count on our long-standing experience in dealing with even the most complicated freight and transport situations. You can rest assured your deliveries will arrive on time at your designated destination.[\/vc_column_text][\/vc_column_inner][vc_column_inner width=&#8221;1\/2&#8243;][vc_single_image image=&#8221;7302&#8243; img_size=&#8221;500&#215;300&#8243; alignment=&#8221;center&#8221; zoom_on_hover=&#8221;yes&#8221;][\/vc_column_inner][\/vc_row_inner][\/vc_column][\/vc_row]<\/p>\n<\/section>","protected":false},"excerpt":{"rendered":"<p>[vc_row gap=&#8221;20&#8243; content_placement=&#8221;middle&#8221; row_vertical_center=&#8221;1&#8243; bg_parallax=&#8221;off&#8221; css=&#8221;.vc_custom_1679506960226{margin-top: 0px !important;margin-bottom: 0px !important;padding-top: 60px !important;padding-bottom: 0px !important;}&#8221;][vc_column][vc_column_text css=&#8221;.vc_custom_1679667000478{margin-bottom: 0px !important;padding-bottom: 0px !important;}&#8221;] We are located in Bia\u0142a Podlaska, situated ca. 40 km away [&hellip;]<\/p>\n","protected":false},"author":10,"featured_media":0,"parent":0,"menu_order":2,"comment_status":"closed","ping_status":"closed","template":"","meta":{"ngg_post_thumbnail":0,"footnotes":""},"yoast_head":"<!-- This site is optimized with the Yoast SEO Premium plugin v18.1 (Yoast SEO v20.13) - https:\/\/yoast.com\/wordpress\/plugins\/seo\/ -->\n<title>Anout us Bial-Mich<\/title>\n<meta name=\"description\" content=\"Przeczytaj o naszych priorytetach i warto\u015bciach, kt\u00f3re reprezentujemy na co dzie\u0144. Pa\u0144stwa towary docieraj\u0105ce bezpiecznie na czas to nasz priorytet.\" \/>\n<meta name=\"robots\" content=\"index, follow, max-snippet:-1, max-image-preview:large, max-video-preview:-1\" \/>\n<link rel=\"canonical\" href=\"https:\/\/bialmich.com\/en\/about_us\/\" \/>\n<meta property=\"og:locale\" content=\"en_US\" \/>\n<meta property=\"og:type\" content=\"article\" \/>\n<meta property=\"og:title\" content=\"ABOUT US\" \/>\n<meta property=\"og:description\" content=\"Przeczytaj o naszych priorytetach i warto\u015bciach, kt\u00f3re reprezentujemy na co dzie\u0144. Pa\u0144stwa towary docieraj\u0105ce bezpiecznie na czas to nasz priorytet.\" \/>\n<meta property=\"og:url\" content=\"https:\/\/bialmich.com\/en\/about_us\/\" \/>\n<meta property=\"og:site_name\" content=\"BialMich\" \/>\n<meta property=\"article:modified_time\" content=\"2023-03-24T18:14:46+00:00\" \/>\n<meta name=\"twitter:card\" content=\"summary_large_image\" \/>\n<meta name=\"twitter:label1\" content=\"Est. reading time\" \/>\n\t<meta name=\"twitter:data1\" content=\"3 minutes\" \/>\n<script type=\"application\/ld+json\" class=\"yoast-schema-graph\">{\"@context\":\"https:\/\/schema.org\",\"@graph\":[{\"@type\":[\"WebPage\",\"AboutPage\"],\"@id\":\"https:\/\/bialmich.com\/en\/about_us\/\",\"url\":\"https:\/\/bialmich.com\/en\/about_us\/\",\"name\":\"Anout us Bial-Mich\",\"isPartOf\":{\"@id\":\"https:\/\/bialmich.com\/en\/#website\"},\"datePublished\":\"2023-03-21T16:11:50+00:00\",\"dateModified\":\"2023-03-24T18:14:46+00:00\",\"description\":\"Przeczytaj o naszych priorytetach i warto\u015bciach, kt\u00f3re reprezentujemy na co dzie\u0144. Pa\u0144stwa towary docieraj\u0105ce bezpiecznie na czas to nasz priorytet.\",\"breadcrumb\":{\"@id\":\"https:\/\/bialmich.com\/en\/about_us\/#breadcrumb\"},\"inLanguage\":\"en-US\",\"potentialAction\":[{\"@type\":\"ReadAction\",\"target\":[\"https:\/\/bialmich.com\/en\/about_us\/\"]}]},{\"@type\":\"BreadcrumbList\",\"@id\":\"https:\/\/bialmich.com\/en\/about_us\/#breadcrumb\",\"itemListElement\":[{\"@type\":\"ListItem\",\"position\":1,\"name\":\"Strona g\u0142\u00f3wna\",\"item\":\"https:\/\/bialmich.com\/en\/\"},{\"@type\":\"ListItem\",\"position\":2,\"name\":\"ABOUT US\"}]},{\"@type\":\"WebSite\",\"@id\":\"https:\/\/bialmich.com\/en\/#website\",\"url\":\"https:\/\/bialmich.com\/en\/\",\"name\":\"BialMich\",\"description\":\"\u00a0\u2014 Transport, spedycja i logistyka\",\"publisher\":{\"@id\":\"https:\/\/bialmich.com\/en\/#organization\"},\"potentialAction\":[{\"@type\":\"SearchAction\",\"target\":{\"@type\":\"EntryPoint\",\"urlTemplate\":\"https:\/\/bialmich.com\/en\/?s={search_term_string}\"},\"query-input\":\"required name=search_term_string\"}],\"inLanguage\":\"en-US\"},{\"@type\":\"Organization\",\"@id\":\"https:\/\/bialmich.com\/en\/#organization\",\"name\":\"Bial-Mich Sp. z o.o. Sp. k.\",\"url\":\"https:\/\/bialmich.com\/en\/\",\"logo\":{\"@type\":\"ImageObject\",\"inLanguage\":\"en-US\",\"@id\":\"https:\/\/bialmich.com\/en\/#\/schema\/logo\/image\/\",\"url\":\"https:\/\/bialmich.com\/wp-content\/uploads\/2015\/07\/Bial-Mich_logo_125.png\",\"contentUrl\":\"https:\/\/bialmich.com\/wp-content\/uploads\/2015\/07\/Bial-Mich_logo_125.png\",\"width\":125,\"height\":125,\"caption\":\"Bial-Mich Sp. z o.o. Sp. k.\"},\"image\":{\"@id\":\"https:\/\/bialmich.com\/en\/#\/schema\/logo\/image\/\"}}]}<\/script>\n<!-- \/ Yoast SEO Premium plugin. -->","yoast_head_json":{"title":"Anout us Bial-Mich","description":"Przeczytaj o naszych priorytetach i warto\u015bciach, kt\u00f3re reprezentujemy na co dzie\u0144. Pa\u0144stwa towary docieraj\u0105ce bezpiecznie na czas to nasz priorytet.","robots":{"index":"index","follow":"follow","max-snippet":"max-snippet:-1","max-image-preview":"max-image-preview:large","max-video-preview":"max-video-preview:-1"},"canonical":"https:\/\/bialmich.com\/en\/about_us\/","og_locale":"en_US","og_type":"article","og_title":"ABOUT US","og_description":"Przeczytaj o naszych priorytetach i warto\u015bciach, kt\u00f3re reprezentujemy na co dzie\u0144. Pa\u0144stwa towary docieraj\u0105ce bezpiecznie na czas to nasz priorytet.","og_url":"https:\/\/bialmich.com\/en\/about_us\/","og_site_name":"BialMich","article_modified_time":"2023-03-24T18:14:46+00:00","twitter_card":"summary_large_image","twitter_misc":{"Est. reading time":"3 minutes"},"schema":{"@context":"https:\/\/schema.org","@graph":[{"@type":["WebPage","AboutPage"],"@id":"https:\/\/bialmich.com\/en\/about_us\/","url":"https:\/\/bialmich.com\/en\/about_us\/","name":"Anout us Bial-Mich","isPartOf":{"@id":"https:\/\/bialmich.com\/en\/#website"},"datePublished":"2023-03-21T16:11:50+00:00","dateModified":"2023-03-24T18:14:46+00:00","description":"Przeczytaj o naszych priorytetach i warto\u015bciach, kt\u00f3re reprezentujemy na co dzie\u0144. Pa\u0144stwa towary docieraj\u0105ce bezpiecznie na czas to nasz priorytet.","breadcrumb":{"@id":"https:\/\/bialmich.com\/en\/about_us\/#breadcrumb"},"inLanguage":"en-US","potentialAction":[{"@type":"ReadAction","target":["https:\/\/bialmich.com\/en\/about_us\/"]}]},{"@type":"BreadcrumbList","@id":"https:\/\/bialmich.com\/en\/about_us\/#breadcrumb","itemListElement":[{"@type":"ListItem","position":1,"name":"Strona g\u0142\u00f3wna","item":"https:\/\/bialmich.com\/en\/"},{"@type":"ListItem","position":2,"name":"ABOUT US"}]},{"@type":"WebSite","@id":"https:\/\/bialmich.com\/en\/#website","url":"https:\/\/bialmich.com\/en\/","name":"BialMich","description":"\u00a0\u2014 Transport, spedycja i logistyka","publisher":{"@id":"https:\/\/bialmich.com\/en\/#organization"},"potentialAction":[{"@type":"SearchAction","target":{"@type":"EntryPoint","urlTemplate":"https:\/\/bialmich.com\/en\/?s={search_term_string}"},"query-input":"required name=search_term_string"}],"inLanguage":"en-US"},{"@type":"Organization","@id":"https:\/\/bialmich.com\/en\/#organization","name":"Bial-Mich Sp. z o.o. Sp. k.","url":"https:\/\/bialmich.com\/en\/","logo":{"@type":"ImageObject","inLanguage":"en-US","@id":"https:\/\/bialmich.com\/en\/#\/schema\/logo\/image\/","url":"https:\/\/bialmich.com\/wp-content\/uploads\/2015\/07\/Bial-Mich_logo_125.png","contentUrl":"https:\/\/bialmich.com\/wp-content\/uploads\/2015\/07\/Bial-Mich_logo_125.png","width":125,"height":125,"caption":"Bial-Mich Sp. z o.o. Sp. k."},"image":{"@id":"https:\/\/bialmich.com\/en\/#\/schema\/logo\/image\/"}}]}},"_links":{"self":[{"href":"https:\/\/bialmich.com\/en\/wp-json\/wp\/v2\/pages\/7283"}],"collection":[{"href":"https:\/\/bialmich.com\/en\/wp-json\/wp\/v2\/pages"}],"about":[{"href":"https:\/\/bialmich.com\/en\/wp-json\/wp\/v2\/types\/page"}],"author":[{"embeddable":true,"href":"https:\/\/bialmich.com\/en\/wp-json\/wp\/v2\/users\/10"}],"replies":[{"embeddable":true,"href":"https:\/\/bialmich.com\/en\/wp-json\/wp\/v2\/comments?post=7283"}],"version-history":[{"count":58,"href":"https:\/\/bialmich.com\/en\/wp-json\/wp\/v2\/pages\/7283\/revisions"}],"predecessor-version":[{"id":7631,"href":"https:\/\/bialmich.com\/en\/wp-json\/wp\/v2\/pages\/7283\/revisions\/7631"}],"wp:attachment":[{"href":"https:\/\/bialmich.com\/en\/wp-json\/wp\/v2\/media?parent=7283"}],"curies":[{"name":"wp","href":"https:\/\/api.w.org\/{rel}","templated":true}]}}