{"id":7410,"date":"2023-03-24T18:44:30","date_gmt":"2023-03-24T17:44:30","guid":{"rendered":"https:\/\/bialmich.com\/?page_id=7410"},"modified":"2023-06-13T15:18:44","modified_gmt":"2023-06-13T13:18:44","slug":"unser_team","status":"publish","type":"page","link":"https:\/\/bialmich.com\/de\/uber_uns\/unser_team\/","title":{"rendered":"Unser Team"},"content":{"rendered":"<section class=\"wpb-content-wrapper\"><p>[vc_row css=&#8220;.vc_custom_1679514131372{padding-top: 60px !important;padding-bottom: 60px !important;}&#8220;][vc_column][vc_column_text css=&#8220;.vc_custom_1679679633390{margin-top: 0px !important;margin-bottom: 0px !important;padding-top: 30px !important;padding-bottom: 60px !important;}&#8220;]<\/p>\n<p style=\"text-align: center; font-size: 25px; line-height: 35px;\">BIAL-MICH besteht aus Personen mit langj\u00e4hriger Erfahrung in der Branche, f\u00fcr die Transport, Spedition und Logistik eine echte Leidenschaft sind. Wir gehen flexibel an jeden Auftrag heran, um Ihnen eine schnelle und sichere Lieferung mit der Garantie einer hohen Servicequalit\u00e4t zu bieten.<\/p>\n<p>[\/vc_column_text][\/vc_column][\/vc_row][vc_row css=&#8220;.vc_custom_1679514140642{padding-top: 60px !important;padding-bottom: 60px !important;background-color: #ba292c !important;}&#8220; font_color=&#8220;#ffffff&#8220;][vc_column]<h2 class=\"ozy-divider-cap-center wpb_content_element\">WIE ARBEITEN WIR?<\/h2><div class=\"ozy-content-divider \" style=\"border-top-style:solid;border-top-width:2px;border-top-color:#ffffff;width:40px;max-width:40px;margin:20px auto;\"><\/div>[vc_column_text]<\/p>\n<p style=\"text-align: center;\"><strong>Unabh\u00e4ngig von der Jahreszeit, dem Verladeort und den Verkehrsm\u00f6glichkeiten an einem bestimmten Ort erf\u00fcllen wir Kundenauftr\u00e4ge zuverl\u00e4ssig.<\/strong><\/p>\n<p>[\/vc_column_text][vc_row_inner][vc_column_inner width=&#8220;1\/2&#8243;][vc_column_text css=&#8220;.vc_custom_1679679706700{margin-top: 0px !important;margin-bottom: 0px !important;padding-top: 30px !important;padding-bottom: 60px !important;}&#8220;]Unser Team besteht aus qualifizierten und erfahrenen Fachleuten, die die dynamischen Bed\u00fcrfnisse und Prinzipien des Transports kennen. Bei jedem Auftrag analysieren wir sorgf\u00e4ltig alle Gegebenheiten und empfehlen und stimmen die besten Transportm\u00f6glichkeiten ab &#8211; damit die Ware so schnell und sicher wie m\u00f6glich ans Ziel kommt und die Kosten optimiert werden.&nbsp;<\/p>\n<p>Unsere Fahrer und kooperierenden Spediteure sind erfahrene Profis mit langj\u00e4hriger Erfahrung und umfassender Kenntnis der Strecken in ganz Europa. Auch beim Transport von ADR-Gefahrg\u00fctern pr\u00fcfen wir den Fuhrpark und die Dokumentation unserer Spediteure so zuverl\u00e4ssig wie m\u00f6glich, um alle gesetzlichen Anforderungen zu erf\u00fcllen und Ihre sichere Lieferung zu gew\u00e4hrleisten.[\/vc_column_text][\/vc_column_inner][vc_column_inner width=&#8220;1\/2&#8243;][vc_column_text css=&#8220;.vc_custom_1679679720745{margin-top: 0px !important;margin-bottom: 0px !important;padding-top: 30px !important;padding-bottom: 60px !important;}&#8220;]Wir verf\u00fcgen \u00fcber alle notwendigen GDP- und ISO 9001:2009-Zertifikate sowie \u00fcber weitere f\u00fchrende Institutionen, die unsere Kompetenz garantieren, wie z.B. AEO f\u00fcr Zolldienstleistungen.<\/p>\n<p>Wir sorgen uns um die Umwelt &#8211; die Zukunft unseres Planeten h\u00e4ngt von unseren Entscheidungen und Handlungen ab, weshalb alle unsere Fahrzeuge die Emissionsnormen erf\u00fcllen.[\/vc_column_text][\/vc_column_inner][\/vc_row_inner][\/vc_column][\/vc_row][vc_row content_placement=&#8220;middle&#8220; row_vertical_center=&#8220;1&#8243; css=&#8220;.vc_custom_1679581413874{padding-top: 60px !important;padding-bottom: 20px !important;}&#8220;][vc_column][vc_row_inner content_placement=&#8220;middle&#8220;][vc_column_inner width=&#8220;1\/2&#8243; css=&#8220;.vc_custom_1679587918521{padding-top: 40px !important;}&#8220;][vc_single_image image=&#8220;8126&#8243; img_size=&#8220;large&#8220; alignment=&#8220;center&#8220;][\/vc_column_inner][vc_column_inner width=&#8220;1\/2&#8243;][vc_column_text css=&#8220;.vc_custom_1679679776996{margin-top: 0px !important;margin-bottom: 0px !important;padding-top: 30px !important;padding-bottom: 60px !important;}&#8220; el_class=&#8220;blockquote-family&#8220;]<\/p>\n<blockquote>\n<p><i style=\"font-size: 17px; line-height: 1;\">Als Logistikunternehmen m\u00fcssen wir uns an die sich \u00e4ndernden Bedingungen und Bed\u00fcrfnisse unserer Kunden anpassen, um eine Unterbrechung der Lieferkette zu vermeiden. Der Verkehr ist ein sehr dynamischer, bl\u00fchender Wirtschaftszweig. Dank des Einsatzes fortschrittlicher technologischer L\u00f6sungen, wie z. B. k\u00fcnstlicher Intelligenz, k\u00f6nnen wir bereits jetzt nicht nur die Routen auf die kosten- und zeiteffizienteste Weise planen, sondern auch unser Team in jeder Phase des Transports unterst\u00fctzen und im Voraus auf sich \u00e4ndernde Szenarien reagieren. Ein ebenso wichtiger Aspekt unseres Gesch\u00e4fts ist die Sorge um die Umwelt und der Wandel im Einklang mit der nachhaltigen Entwicklung unserer Branche.<\/i><br \/>\n<i style=\"font-size: 17px; line-height: 1;\">Wenn Sie sich f\u00fcr unser Unternehmen entscheiden, k\u00f6nnen Sie sicher sein, dass wir Sie in jeder Phase des Logistikprozesses unterst\u00fctzen &#8211; von der Spedition \u00fcber den Transport und die Lagerung bis hin zu den Zollabfertigungsverfahren.<\/i><\/p>\n<p>&nbsp;<\/p>\n<p style=\"text-align: right; font-size: 16px; line-height: 1;\"><b>Micha\u0142 Piotrowicz<\/b><\/p>\n<p style=\"text-align: right; font-size: 15px; line-height: 1;\"><i>Vorsitzender der Gesch\u00e4ftsf\u00fchrung<\/i><\/p>\n<\/blockquote>\n<p>[\/vc_column_text][\/vc_column_inner][\/vc_row_inner][\/vc_column][\/vc_row][vc_row bg_parallax=&#8220;on&#8220; css=&#8220;.vc_custom_1679581053398{padding-top: 60px !important;padding-bottom: 60px !important;background-image: url(https:\/\/bialmich.com\/wp-content\/uploads\/2023\/03\/worldmap_dotted.png?id=7563) !important;}&#8220; font_color=&#8220;#ffffff&#8220;][vc_column][vc_column_text css=&#8220;.vc_custom_1679679817747{margin-top: 0px !important;margin-bottom: 0px !important;padding-top: 30px !important;padding-bottom: 60px !important;}&#8220;]<\/p>\n<p style=\"text-align: center; font-size: 25px; line-height: 35px;\">Wir wollen unsere Kunden entlang der gesamten Lieferkette begleiten. Deshalb entwickeln wir st\u00e4ndig innovative Logistikl\u00f6sungen und erg\u00e4nzen unsere Dienstleistungen, um eine Transportoptimierung und Projektumsetzung auf h\u00f6chstem Niveau zu gew\u00e4hrleisten.<\/p>\n<p style=\"text-align: center; font-size: 25px; line-height: 35px;\">Wir sind f\u00fcr unsere Kunden da. Gerne erarbeiten wir f\u00fcr Sie ma\u00dfgeschneiderte Logistikl\u00f6sungen, die auf Ihre Bed\u00fcrfnisse angepasst sind.<\/p>\n<p>[\/vc_column_text][vc_row_inner][vc_column_inner width=&#8220;1\/2&#8243;][vc_btn title=&#8220;Angebot anfordern&#8220; style=&#8220;classic&#8220; shape=&#8220;round&#8220; color=&#8220;default&#8220; size=&#8220;lg&#8220; align=&#8220;right&#8220; link=&#8220;url:https%3A%2F%2Fbialmich.com%2Fde%2Fanfrage%2F|title:Angebot%20anfordern&#8220;][\/vc_column_inner][vc_column_inner width=&#8220;1\/2&#8243;][vc_btn title=&#8220;Entdecken Sie unsere Fachgebiete&#8220; style=&#8220;classic&#8220; shape=&#8220;round&#8220; color=&#8220;default&#8220; size=&#8220;lg&#8220; align=&#8220;left&#8220; link=&#8220;url:https%3A%2F%2Fbialmich.com%2Fnasze-uslugi%2F|title:Nasze%20us%C5%82ugi&#8220;][\/vc_column_inner][\/vc_row_inner][\/vc_column][\/vc_row]<\/p>\n<\/section>","protected":false},"excerpt":{"rendered":"<p>[vc_row css=&#8220;.vc_custom_1679514131372{padding-top: 60px !important;padding-bottom: 60px !important;}&#8220;][vc_column][vc_column_text css=&#8220;.vc_custom_1679679633390{margin-top: 0px !important;margin-bottom: 0px !important;padding-top: 30px !important;padding-bottom: 60px !important;}&#8220;] BIAL-MICH besteht aus Personen mit langj\u00e4hriger Erfahrung in der Branche, f\u00fcr die Transport, Spedition und [&hellip;]<\/p>\n","protected":false},"author":10,"featured_media":0,"parent":7282,"menu_order":0,"comment_status":"closed","ping_status":"closed","template":"","meta":{"ngg_post_thumbnail":0,"footnotes":""},"yoast_head":"<!-- This site is optimized with the Yoast SEO Premium plugin v18.1 (Yoast SEO v20.13) - https:\/\/yoast.com\/wordpress\/plugins\/seo\/ -->\n<title>Unser Team<\/title>\n<meta name=\"robots\" content=\"index, follow, max-snippet:-1, max-image-preview:large, max-video-preview:-1\" \/>\n<link rel=\"canonical\" href=\"https:\/\/bialmich.com\/de\/uber_uns\/unser_team\/\" \/>\n<meta property=\"og:locale\" content=\"de_DE\" \/>\n<meta property=\"og:type\" content=\"article\" \/>\n<meta property=\"og:title\" content=\"Unser Team\" \/>\n<meta property=\"og:description\" content=\"[vc_row css=&#8220;.vc_custom_1679514131372{padding-top: 60px !important;padding-bottom: 60px !important;}&#8220;][vc_column][vc_column_text css=&#8220;.vc_custom_1679679633390{margin-top: 0px !important;margin-bottom: 0px !important;padding-top: 30px !important;padding-bottom: 60px !important;}&#8220;] BIAL-MICH besteht aus Personen mit langj\u00e4hriger Erfahrung in der Branche, f\u00fcr die Transport, Spedition und [&hellip;]\" \/>\n<meta property=\"og:url\" content=\"https:\/\/bialmich.com\/de\/uber_uns\/unser_team\/\" \/>\n<meta property=\"og:site_name\" content=\"BialMich\" \/>\n<meta property=\"article:modified_time\" content=\"2023-06-13T13:18:44+00:00\" \/>\n<meta name=\"twitter:card\" content=\"summary_large_image\" \/>\n<meta name=\"twitter:label1\" content=\"Gesch\u00e4tzte Lesezeit\" \/>\n\t<meta name=\"twitter:data1\" content=\"4 Minuten\" \/>\n<script type=\"application\/ld+json\" class=\"yoast-schema-graph\">{\"@context\":\"https:\/\/schema.org\",\"@graph\":[{\"@type\":\"WebPage\",\"@id\":\"https:\/\/bialmich.com\/de\/uber_uns\/unser_team\/\",\"url\":\"https:\/\/bialmich.com\/de\/uber_uns\/unser_team\/\",\"name\":\"Unser Team\",\"isPartOf\":{\"@id\":\"https:\/\/bialmich.com\/de\/#website\"},\"datePublished\":\"2023-03-24T17:44:30+00:00\",\"dateModified\":\"2023-06-13T13:18:44+00:00\",\"breadcrumb\":{\"@id\":\"https:\/\/bialmich.com\/de\/uber_uns\/unser_team\/#breadcrumb\"},\"inLanguage\":\"de-DE\",\"potentialAction\":[{\"@type\":\"ReadAction\",\"target\":[\"https:\/\/bialmich.com\/de\/uber_uns\/unser_team\/\"]}]},{\"@type\":\"BreadcrumbList\",\"@id\":\"https:\/\/bialmich.com\/de\/uber_uns\/unser_team\/#breadcrumb\",\"itemListElement\":[{\"@type\":\"ListItem\",\"position\":1,\"name\":\"Strona g\u0142\u00f3wna\",\"item\":\"https:\/\/bialmich.com\/de\/\"},{\"@type\":\"ListItem\",\"position\":2,\"name\":\"\u00dcBER UNS\",\"item\":\"https:\/\/bialmich.com\/de\/uber_uns\/\"},{\"@type\":\"ListItem\",\"position\":3,\"name\":\"Unser Team\"}]},{\"@type\":\"WebSite\",\"@id\":\"https:\/\/bialmich.com\/de\/#website\",\"url\":\"https:\/\/bialmich.com\/de\/\",\"name\":\"BialMich\",\"description\":\"\u00a0\u2014 Transport, spedycja i logistyka\",\"publisher\":{\"@id\":\"https:\/\/bialmich.com\/de\/#organization\"},\"potentialAction\":[{\"@type\":\"SearchAction\",\"target\":{\"@type\":\"EntryPoint\",\"urlTemplate\":\"https:\/\/bialmich.com\/de\/?s={search_term_string}\"},\"query-input\":\"required name=search_term_string\"}],\"inLanguage\":\"de-DE\"},{\"@type\":\"Organization\",\"@id\":\"https:\/\/bialmich.com\/de\/#organization\",\"name\":\"Bial-Mich Sp. z o.o. Sp. k.\",\"url\":\"https:\/\/bialmich.com\/de\/\",\"logo\":{\"@type\":\"ImageObject\",\"inLanguage\":\"de-DE\",\"@id\":\"https:\/\/bialmich.com\/de\/#\/schema\/logo\/image\/\",\"url\":\"https:\/\/bialmich.com\/wp-content\/uploads\/2015\/07\/Bial-Mich_logo_125.png\",\"contentUrl\":\"https:\/\/bialmich.com\/wp-content\/uploads\/2015\/07\/Bial-Mich_logo_125.png\",\"width\":125,\"height\":125,\"caption\":\"Bial-Mich Sp. z o.o. Sp. k.\"},\"image\":{\"@id\":\"https:\/\/bialmich.com\/de\/#\/schema\/logo\/image\/\"}}]}<\/script>\n<!-- \/ Yoast SEO Premium plugin. -->","yoast_head_json":{"title":"Unser Team","robots":{"index":"index","follow":"follow","max-snippet":"max-snippet:-1","max-image-preview":"max-image-preview:large","max-video-preview":"max-video-preview:-1"},"canonical":"https:\/\/bialmich.com\/de\/uber_uns\/unser_team\/","og_locale":"de_DE","og_type":"article","og_title":"Unser Team","og_description":"[vc_row css=&#8220;.vc_custom_1679514131372{padding-top: 60px !important;padding-bottom: 60px !important;}&#8220;][vc_column][vc_column_text css=&#8220;.vc_custom_1679679633390{margin-top: 0px !important;margin-bottom: 0px !important;padding-top: 30px !important;padding-bottom: 60px !important;}&#8220;] BIAL-MICH besteht aus Personen mit langj\u00e4hriger Erfahrung in der Branche, f\u00fcr die Transport, Spedition und [&hellip;]","og_url":"https:\/\/bialmich.com\/de\/uber_uns\/unser_team\/","og_site_name":"BialMich","article_modified_time":"2023-06-13T13:18:44+00:00","twitter_card":"summary_large_image","twitter_misc":{"Gesch\u00e4tzte Lesezeit":"4 Minuten"},"schema":{"@context":"https:\/\/schema.org","@graph":[{"@type":"WebPage","@id":"https:\/\/bialmich.com\/de\/uber_uns\/unser_team\/","url":"https:\/\/bialmich.com\/de\/uber_uns\/unser_team\/","name":"Unser Team","isPartOf":{"@id":"https:\/\/bialmich.com\/de\/#website"},"datePublished":"2023-03-24T17:44:30+00:00","dateModified":"2023-06-13T13:18:44+00:00","breadcrumb":{"@id":"https:\/\/bialmich.com\/de\/uber_uns\/unser_team\/#breadcrumb"},"inLanguage":"de-DE","potentialAction":[{"@type":"ReadAction","target":["https:\/\/bialmich.com\/de\/uber_uns\/unser_team\/"]}]},{"@type":"BreadcrumbList","@id":"https:\/\/bialmich.com\/de\/uber_uns\/unser_team\/#breadcrumb","itemListElement":[{"@type":"ListItem","position":1,"name":"Strona g\u0142\u00f3wna","item":"https:\/\/bialmich.com\/de\/"},{"@type":"ListItem","position":2,"name":"\u00dcBER UNS","item":"https:\/\/bialmich.com\/de\/uber_uns\/"},{"@type":"ListItem","position":3,"name":"Unser Team"}]},{"@type":"WebSite","@id":"https:\/\/bialmich.com\/de\/#website","url":"https:\/\/bialmich.com\/de\/","name":"BialMich","description":"\u00a0\u2014 Transport, spedycja i logistyka","publisher":{"@id":"https:\/\/bialmich.com\/de\/#organization"},"potentialAction":[{"@type":"SearchAction","target":{"@type":"EntryPoint","urlTemplate":"https:\/\/bialmich.com\/de\/?s={search_term_string}"},"query-input":"required name=search_term_string"}],"inLanguage":"de-DE"},{"@type":"Organization","@id":"https:\/\/bialmich.com\/de\/#organization","name":"Bial-Mich Sp. z o.o. Sp. k.","url":"https:\/\/bialmich.com\/de\/","logo":{"@type":"ImageObject","inLanguage":"de-DE","@id":"https:\/\/bialmich.com\/de\/#\/schema\/logo\/image\/","url":"https:\/\/bialmich.com\/wp-content\/uploads\/2015\/07\/Bial-Mich_logo_125.png","contentUrl":"https:\/\/bialmich.com\/wp-content\/uploads\/2015\/07\/Bial-Mich_logo_125.png","width":125,"height":125,"caption":"Bial-Mich Sp. z o.o. Sp. k."},"image":{"@id":"https:\/\/bialmich.com\/de\/#\/schema\/logo\/image\/"}}]}},"_links":{"self":[{"href":"https:\/\/bialmich.com\/de\/wp-json\/wp\/v2\/pages\/7410"}],"collection":[{"href":"https:\/\/bialmich.com\/de\/wp-json\/wp\/v2\/pages"}],"about":[{"href":"https:\/\/bialmich.com\/de\/wp-json\/wp\/v2\/types\/page"}],"author":[{"embeddable":true,"href":"https:\/\/bialmich.com\/de\/wp-json\/wp\/v2\/users\/10"}],"replies":[{"embeddable":true,"href":"https:\/\/bialmich.com\/de\/wp-json\/wp\/v2\/comments?post=7410"}],"version-history":[{"count":6,"href":"https:\/\/bialmich.com\/de\/wp-json\/wp\/v2\/pages\/7410\/revisions"}],"predecessor-version":[{"id":8130,"href":"https:\/\/bialmich.com\/de\/wp-json\/wp\/v2\/pages\/7410\/revisions\/8130"}],"up":[{"embeddable":true,"href":"https:\/\/bialmich.com\/de\/wp-json\/wp\/v2\/pages\/7282"}],"wp:attachment":[{"href":"https:\/\/bialmich.com\/de\/wp-json\/wp\/v2\/media?parent=7410"}],"curies":[{"name":"wp","href":"https:\/\/api.w.org\/{rel}","templated":true}]}}