{"id":7282,"date":"2023-03-24T15:23:06","date_gmt":"2023-03-24T14:23:06","guid":{"rendered":"https:\/\/bialmich.com\/?page_id=7282"},"modified":"2023-03-24T19:20:13","modified_gmt":"2023-03-24T18:20:13","slug":"uber_uns","status":"publish","type":"page","link":"https:\/\/bialmich.com\/de\/uber_uns\/","title":{"rendered":"\u00dcBER UNS"},"content":{"rendered":"<section class=\"wpb-content-wrapper\"><p>[vc_row gap=&#8220;20&#8243; content_placement=&#8220;middle&#8220; row_vertical_center=&#8220;1&#8243; bg_parallax=&#8220;off&#8220; css=&#8220;.vc_custom_1679506960226{margin-top: 0px !important;margin-bottom: 0px !important;padding-top: 60px !important;padding-bottom: 0px !important;}&#8220;][vc_column][vc_column_text css=&#8220;.vc_custom_1679667396642{margin-bottom: 0px !important;padding-bottom: 0px !important;}&#8220;]<\/p>\n<p style=\"text-align: center; font-size: 25px; line-height: 35px;\">Wir befinden uns in Bia\u0142a Podlaska, etwa 40 km von der Grenze zu Wei\u00dfrussland und dem Grenz\u00fcbergang Terespol-Brest entfernt, an der wichtigen Verkehrsachse A2. Dank unserer strategischen Lage k\u00f6nnen wir uns darauf konzentrieren, Kunden nicht nur aus der Europ\u00e4ischen Union, sondern auch aus Osteuropa und Asien, einschlie\u00dflich der L\u00e4nder der ehemaligen Sowjetunion, besser zu bedienen.<\/p>\n<p>[\/vc_column_text]<div class=\"ozy-content-divider \" style=\"border-top-style:solid;border-top-width:2px;border-top-color:#b22d2a;width:40px;max-width:40px;margin:20px auto;\"><\/div>[\/vc_column][\/vc_row][vc_row gap=&#8220;20&#8243; content_placement=&#8220;middle&#8220; row_vertical_center=&#8220;1&#8243; bg_parallax=&#8220;off&#8220; css=&#8220;.vc_custom_1679506960226{margin-top: 0px !important;margin-bottom: 0px !important;padding-top: 60px !important;padding-bottom: 0px !important;}&#8220;][vc_column width=&#8220;1\/2&#8243;][vc_column_text]&nbsp;<\/p>\n<p>Das Unternehmen ist seit 2011 auf dem Markt t\u00e4tig und ist seitdem schnell gewachsen, indem es sein Angebot um spezialisierte Transportdienstleistungen, Lagerung und Zollagenturdienste erweitert hat. In unserer t\u00e4glichen Arbeit lassen wir uns von Werten leiten, die es uns erm\u00f6glichen, dauerhafte, auf gegenseitigem Respekt basierende Beziehungen aufzubauen. Wir schaffen transparente Verfahren f\u00fcr die Zusammenarbeit und halten sie in unserer t\u00e4glichen Arbeit ein.<\/p>\n<p>Wir sind nicht nur auf den klassischen Stra\u00dfentransport spezialisiert, sondern bef\u00f6rdern auch chemische und pharmazeutische Produkte sowie gef\u00e4hrliche G\u00fcter, f\u00fcr deren Bef\u00f6rderung besondere ADR-Genehmigungen und Ausr\u00fcstungen erforderlich sind.[\/vc_column_text][\/vc_column][vc_column width=&#8220;1\/2&#8243;][vc_single_image image=&#8220;7503&#8243; img_size=&#8220;full&#8220; alignment=&#8220;center&#8220; zoom_on_hover=&#8220;yes&#8220;][\/vc_column][\/vc_row][vc_row][vc_column]<div style=\"height:90px\" class=\"ozy-spacer\"><\/div>[\/vc_column][\/vc_row][vc_row parallax=&#8220;content-moving&#8220; bg_parallax=&#8220;on&#8220; css=&#8220;.vc_custom_1679561158707{margin-top: 0px !important;margin-bottom: 0px !important;padding-top: 60px !important;padding-bottom: 60px !important;background-color: #ba292c !important;background-position: center;background-repeat: no-repeat !important;background-size: cover !important;}&#8220; font_color=&#8220;#ffffff&#8220;][vc_column css=&#8220;.vc_custom_1679561891861{padding-right: 40px !important;padding-left: 40px !important;}&#8220;]<h2 class=\"ozy-divider-cap-center wpb_content_element\">UNSERE PRIORIT\u00c4TEN<\/h2><div class=\"ozy-content-divider \" style=\"border-top-style:solid;border-top-width:2px;border-top-color:#ffffff;width:40px;max-width:40px;margin:20px auto;\"><\/div>[vc_column_text css=&#8220;.vc_custom_1679667481715{padding-top: 20px !important;}&#8220;]<\/p>\n<p style=\"text-align: center;\"><strong>Unsere Priorit\u00e4t ist, dass Ihre Waren sicher und p\u00fcnktlich an der von Ihnen angegebenen Adresse ankommen.<\/strong><\/p>\n<p>[\/vc_column_text][vc_row_inner content_placement=&#8220;middle&#8220;][vc_column_inner width=&#8220;1\/2&#8243;][vc_single_image image=&#8220;7395&#8243; img_size=&#8220;500&#215;300&#8243; alignment=&#8220;center&#8220; zoom_on_hover=&#8220;yes&#8220;][\/vc_column_inner][vc_column_inner width=&#8220;1\/2&#8243;][vc_column_text css=&#8220;.vc_custom_1679667702870{padding-top: 20px !important;}&#8220;]Der Transport ist eine sehr dynamische Dienstleistung, und es gibt Situationen, in denen alles nach Plan l\u00e4uft, aber auch solche, in denen unvorhersehbare Ereignisse eintreten. Deshalb ist in Krisensituationen, an denen es in unserer Branche nicht mangelt, eine sofortige Reaktion wichtig. Nur rechtzeitige Information und das Erkennen von Abweichungen erm\u00f6glichen eine solche Reaktion auf den einzelnen Etappen des gesamten Transportprozesses.<\/p>\n<p>Verantwortung ist ebenfalls unsere Priorit\u00e4t. Wir gehen rational und mutig an die auftretenden Probleme heran und betrachten sie als Herausforderungen, die es zu bew\u00e4ltigen gilt.<br \/>\n[\/vc_column_text][\/vc_column_inner][\/vc_row_inner][vc_row_inner content_placement=&#8220;middle&#8220;][vc_column_inner width=&#8220;1\/2&#8243;][vc_column_text css=&#8220;.vc_custom_1679667729092{padding-top: 20px !important;}&#8220;]In unserem Unternehmen wird jede Abweichung mit Hilfe von speziellen Werkzeugen einer gr\u00fcndlichen Ursachenanalyse unterzogen, die zur Entwicklung und Umsetzung von L\u00f6sungen f\u00fchrt, die das Auftreten \u00e4hnlicher Fehler in Zukunft einschr\u00e4nken oder verhindern.<\/p>\n<p>Wenn Sie sich f\u00fcr die Transportdienstleistungen von Bial-Mich entscheiden, k\u00f6nnen Sie auf unsere langj\u00e4hrige Erfahrung selbst in den komplexesten Frachtsituationen z\u00e4hlen. Wir versichern Ihnen, dass Ihre Lieferungen ihr Ziel p\u00fcnktlich erreichen werden.[\/vc_column_text][\/vc_column_inner][vc_column_inner width=&#8220;1\/2&#8243;][vc_single_image image=&#8220;7303&#8243; img_size=&#8220;500&#215;300&#8243; alignment=&#8220;center&#8220; zoom_on_hover=&#8220;yes&#8220;][\/vc_column_inner][\/vc_row_inner][\/vc_column][\/vc_row]<\/p>\n<\/section>","protected":false},"excerpt":{"rendered":"<p>[vc_row gap=&#8220;20&#8243; content_placement=&#8220;middle&#8220; row_vertical_center=&#8220;1&#8243; bg_parallax=&#8220;off&#8220; css=&#8220;.vc_custom_1679506960226{margin-top: 0px !important;margin-bottom: 0px !important;padding-top: 60px !important;padding-bottom: 0px !important;}&#8220;][vc_column][vc_column_text css=&#8220;.vc_custom_1679667396642{margin-bottom: 0px !important;padding-bottom: 0px !important;}&#8220;] Wir befinden uns in Bia\u0142a Podlaska, etwa 40 km von der [&hellip;]<\/p>\n","protected":false},"author":10,"featured_media":0,"parent":0,"menu_order":2,"comment_status":"closed","ping_status":"closed","template":"","meta":{"ngg_post_thumbnail":0,"footnotes":""},"yoast_head":"<!-- This site is optimized with the Yoast SEO Premium plugin v18.1 (Yoast SEO v20.13) - https:\/\/yoast.com\/wordpress\/plugins\/seo\/ -->\n<title>\u00dcBER UNS<\/title>\n<meta name=\"robots\" content=\"index, follow, max-snippet:-1, max-image-preview:large, max-video-preview:-1\" \/>\n<link rel=\"canonical\" href=\"https:\/\/bialmich.com\/de\/uber_uns\/\" \/>\n<meta property=\"og:locale\" content=\"de_DE\" \/>\n<meta property=\"og:type\" content=\"article\" \/>\n<meta property=\"og:title\" content=\"\u00dcBER UNS\" \/>\n<meta property=\"og:description\" content=\"[vc_row gap=&#8220;20&#8243; content_placement=&#8220;middle&#8220; row_vertical_center=&#8220;1&#8243; bg_parallax=&#8220;off&#8220; css=&#8220;.vc_custom_1679506960226{margin-top: 0px !important;margin-bottom: 0px !important;padding-top: 60px !important;padding-bottom: 0px !important;}&#8220;][vc_column][vc_column_text css=&#8220;.vc_custom_1679667396642{margin-bottom: 0px !important;padding-bottom: 0px !important;}&#8220;] Wir befinden uns in Bia\u0142a Podlaska, etwa 40 km von der [&hellip;]\" \/>\n<meta property=\"og:url\" content=\"https:\/\/bialmich.com\/de\/uber_uns\/\" \/>\n<meta property=\"og:site_name\" content=\"BialMich\" \/>\n<meta property=\"article:modified_time\" content=\"2023-03-24T18:20:13+00:00\" \/>\n<meta name=\"twitter:card\" content=\"summary_large_image\" \/>\n<meta name=\"twitter:label1\" content=\"Gesch\u00e4tzte Lesezeit\" \/>\n\t<meta name=\"twitter:data1\" content=\"3 Minuten\" \/>\n<script type=\"application\/ld+json\" class=\"yoast-schema-graph\">{\"@context\":\"https:\/\/schema.org\",\"@graph\":[{\"@type\":[\"WebPage\",\"AboutPage\"],\"@id\":\"https:\/\/bialmich.com\/de\/uber_uns\/\",\"url\":\"https:\/\/bialmich.com\/de\/uber_uns\/\",\"name\":\"\u00dcBER UNS\",\"isPartOf\":{\"@id\":\"https:\/\/bialmich.com\/de\/#website\"},\"datePublished\":\"2023-03-24T14:23:06+00:00\",\"dateModified\":\"2023-03-24T18:20:13+00:00\",\"breadcrumb\":{\"@id\":\"https:\/\/bialmich.com\/de\/uber_uns\/#breadcrumb\"},\"inLanguage\":\"de-DE\",\"potentialAction\":[{\"@type\":\"ReadAction\",\"target\":[\"https:\/\/bialmich.com\/de\/uber_uns\/\"]}]},{\"@type\":\"BreadcrumbList\",\"@id\":\"https:\/\/bialmich.com\/de\/uber_uns\/#breadcrumb\",\"itemListElement\":[{\"@type\":\"ListItem\",\"position\":1,\"name\":\"Strona g\u0142\u00f3wna\",\"item\":\"https:\/\/bialmich.com\/de\/\"},{\"@type\":\"ListItem\",\"position\":2,\"name\":\"\u00dcBER UNS\"}]},{\"@type\":\"WebSite\",\"@id\":\"https:\/\/bialmich.com\/de\/#website\",\"url\":\"https:\/\/bialmich.com\/de\/\",\"name\":\"BialMich\",\"description\":\"\u00a0\u2014 Transport, spedycja i logistyka\",\"publisher\":{\"@id\":\"https:\/\/bialmich.com\/de\/#organization\"},\"potentialAction\":[{\"@type\":\"SearchAction\",\"target\":{\"@type\":\"EntryPoint\",\"urlTemplate\":\"https:\/\/bialmich.com\/de\/?s={search_term_string}\"},\"query-input\":\"required name=search_term_string\"}],\"inLanguage\":\"de-DE\"},{\"@type\":\"Organization\",\"@id\":\"https:\/\/bialmich.com\/de\/#organization\",\"name\":\"Bial-Mich Sp. z o.o. Sp. k.\",\"url\":\"https:\/\/bialmich.com\/de\/\",\"logo\":{\"@type\":\"ImageObject\",\"inLanguage\":\"de-DE\",\"@id\":\"https:\/\/bialmich.com\/de\/#\/schema\/logo\/image\/\",\"url\":\"https:\/\/bialmich.com\/wp-content\/uploads\/2015\/07\/Bial-Mich_logo_125.png\",\"contentUrl\":\"https:\/\/bialmich.com\/wp-content\/uploads\/2015\/07\/Bial-Mich_logo_125.png\",\"width\":125,\"height\":125,\"caption\":\"Bial-Mich Sp. z o.o. Sp. k.\"},\"image\":{\"@id\":\"https:\/\/bialmich.com\/de\/#\/schema\/logo\/image\/\"}}]}<\/script>\n<!-- \/ Yoast SEO Premium plugin. -->","yoast_head_json":{"title":"\u00dcBER UNS","robots":{"index":"index","follow":"follow","max-snippet":"max-snippet:-1","max-image-preview":"max-image-preview:large","max-video-preview":"max-video-preview:-1"},"canonical":"https:\/\/bialmich.com\/de\/uber_uns\/","og_locale":"de_DE","og_type":"article","og_title":"\u00dcBER UNS","og_description":"[vc_row gap=&#8220;20&#8243; content_placement=&#8220;middle&#8220; row_vertical_center=&#8220;1&#8243; bg_parallax=&#8220;off&#8220; css=&#8220;.vc_custom_1679506960226{margin-top: 0px !important;margin-bottom: 0px !important;padding-top: 60px !important;padding-bottom: 0px !important;}&#8220;][vc_column][vc_column_text css=&#8220;.vc_custom_1679667396642{margin-bottom: 0px !important;padding-bottom: 0px !important;}&#8220;] Wir befinden uns in Bia\u0142a Podlaska, etwa 40 km von der [&hellip;]","og_url":"https:\/\/bialmich.com\/de\/uber_uns\/","og_site_name":"BialMich","article_modified_time":"2023-03-24T18:20:13+00:00","twitter_card":"summary_large_image","twitter_misc":{"Gesch\u00e4tzte Lesezeit":"3 Minuten"},"schema":{"@context":"https:\/\/schema.org","@graph":[{"@type":["WebPage","AboutPage"],"@id":"https:\/\/bialmich.com\/de\/uber_uns\/","url":"https:\/\/bialmich.com\/de\/uber_uns\/","name":"\u00dcBER UNS","isPartOf":{"@id":"https:\/\/bialmich.com\/de\/#website"},"datePublished":"2023-03-24T14:23:06+00:00","dateModified":"2023-03-24T18:20:13+00:00","breadcrumb":{"@id":"https:\/\/bialmich.com\/de\/uber_uns\/#breadcrumb"},"inLanguage":"de-DE","potentialAction":[{"@type":"ReadAction","target":["https:\/\/bialmich.com\/de\/uber_uns\/"]}]},{"@type":"BreadcrumbList","@id":"https:\/\/bialmich.com\/de\/uber_uns\/#breadcrumb","itemListElement":[{"@type":"ListItem","position":1,"name":"Strona g\u0142\u00f3wna","item":"https:\/\/bialmich.com\/de\/"},{"@type":"ListItem","position":2,"name":"\u00dcBER UNS"}]},{"@type":"WebSite","@id":"https:\/\/bialmich.com\/de\/#website","url":"https:\/\/bialmich.com\/de\/","name":"BialMich","description":"\u00a0\u2014 Transport, spedycja i logistyka","publisher":{"@id":"https:\/\/bialmich.com\/de\/#organization"},"potentialAction":[{"@type":"SearchAction","target":{"@type":"EntryPoint","urlTemplate":"https:\/\/bialmich.com\/de\/?s={search_term_string}"},"query-input":"required name=search_term_string"}],"inLanguage":"de-DE"},{"@type":"Organization","@id":"https:\/\/bialmich.com\/de\/#organization","name":"Bial-Mich Sp. z o.o. Sp. k.","url":"https:\/\/bialmich.com\/de\/","logo":{"@type":"ImageObject","inLanguage":"de-DE","@id":"https:\/\/bialmich.com\/de\/#\/schema\/logo\/image\/","url":"https:\/\/bialmich.com\/wp-content\/uploads\/2015\/07\/Bial-Mich_logo_125.png","contentUrl":"https:\/\/bialmich.com\/wp-content\/uploads\/2015\/07\/Bial-Mich_logo_125.png","width":125,"height":125,"caption":"Bial-Mich Sp. z o.o. Sp. k."},"image":{"@id":"https:\/\/bialmich.com\/de\/#\/schema\/logo\/image\/"}}]}},"_links":{"self":[{"href":"https:\/\/bialmich.com\/de\/wp-json\/wp\/v2\/pages\/7282"}],"collection":[{"href":"https:\/\/bialmich.com\/de\/wp-json\/wp\/v2\/pages"}],"about":[{"href":"https:\/\/bialmich.com\/de\/wp-json\/wp\/v2\/types\/page"}],"author":[{"embeddable":true,"href":"https:\/\/bialmich.com\/de\/wp-json\/wp\/v2\/users\/10"}],"replies":[{"embeddable":true,"href":"https:\/\/bialmich.com\/de\/wp-json\/wp\/v2\/comments?post=7282"}],"version-history":[{"count":4,"href":"https:\/\/bialmich.com\/de\/wp-json\/wp\/v2\/pages\/7282\/revisions"}],"predecessor-version":[{"id":7598,"href":"https:\/\/bialmich.com\/de\/wp-json\/wp\/v2\/pages\/7282\/revisions\/7598"}],"wp:attachment":[{"href":"https:\/\/bialmich.com\/de\/wp-json\/wp\/v2\/media?parent=7282"}],"curies":[{"name":"wp","href":"https:\/\/api.w.org\/{rel}","templated":true}]}}