{"id":2174,"date":"2015-10-12T23:14:20","date_gmt":"2015-10-12T21:14:20","guid":{"rendered":"\/de\/?page_id=2174"},"modified":"2026-04-21T10:13:17","modified_gmt":"2026-04-21T08:13:17","slug":"dokumente","status":"publish","type":"page","link":"https:\/\/bialmich.com\/de\/dokumente\/","title":{"rendered":"DOKUMENTE"},"content":{"rendered":"<section class=\"wpb-content-wrapper\"><p>[vc_row][vc_column][vc_column_text]<\/p>\n<p style=\"text-align: center; font-size: 25px; line-height: 35px;\">Wir sind ein Unternehmen mit langj\u00e4hriger Erfahrung und bieten umfassende Dienstleistungen im Bereich Transport, Logistik und Spedition an. F\u00fcr uns z\u00e4hlen Professionalit\u00e4t in der Arbeitsweise und hohe Qualit\u00e4t im Kundenservice, was durch erhaltene Zertifikate, Lizenzen und Genehmigungen best\u00e4tigt wird.<\/p>\n<p>[\/vc_column_text]<div class=\"ozy-content-divider \" style=\"border-top-style:solid;border-top-width:2px;border-top-color:#b22d2a;width:40px;max-width:40px;margin:20px auto;\"><\/div><div style=\"height:90px\" class=\"ozy-spacer\"><\/div>[\/vc_column][vc_column][vc_column_text]<\/p>\n<h2>Professionelles Transport-Logistik-Speditionsunternehmen.<\/h2>\n<p>&nbsp;<\/p>\n<p>Bial-Mich als professionelles Unternehmen im Bereich Transport, Logistik und Spedition verf\u00fcgt \u00fcber alle erforderlichen Genehmigungen, Bescheinigungen und Lizenzen f\u00fcr die Aus\u00fcbung des Gesch\u00e4ftsbetriebs im Bereich G\u00fctertransport und Spedition, sowohl im Inland als auch im Ausland. Die vorgelegten Dokumente best\u00e4tigen unsere hohe Qualifikation.<\/p>\n<p>Wir sind ein zuverl\u00e4ssiges Unternehmen, das vollst\u00e4ndig legal und unter Einhaltung von Gesetzen und Arbeitsschutzvorschriften arbeitet. Unser Personal nimmt an Schulungen teil, die Wissen erweitern und F\u00e4higkeiten verbessern. Unsere Priorit\u00e4t ist die Gew\u00e4hrleistung der Sicherheit w\u00e4hrend der durchgef\u00fchrten Transporte. Wir streben nach Zuverl\u00e4ssigkeit und Perfektion in unserem Handeln. Die Zusammenarbeit mit uns garantiert Ehrlichkeit und Solidit\u00e4t.<\/p>\n<p>&nbsp;[\/vc_column_text][\/vc_column][\/vc_row][vc_row][vc_column width=&#8220;2\/3&#8243;][vc_column_text]<\/p>\n<h2>H\u00f6chste Qualit\u00e4t der von Bial-Mich angebotenen Dienstleistungen.<\/h2>\n<p>&nbsp;<\/p>\n<p>Das Ziel von Bial-Mich ist es, unseren Kunden Dienstleistungen auf h\u00f6chstem Niveau anzubieten. Wir setzen alles daran, die Erwartungen und Bed\u00fcrfnisse unserer Vertragspartner in Bezug auf Service zu erf\u00fcllen.<\/p>\n<p>In unserer Sorge um h\u00f6chste Qualit\u00e4t bei unseren Dienstleistungen, Prozessklarheit und die Einhaltung der Anforderungen unserer Kunden und geltenden Verfahren hat unser Unternehmen von Anfang an ein internes Qualit\u00e4tsmanagementsystem implementiert.<\/p>\n<p>Wir sind innovativ und offen f\u00fcr neue Herausforderungen. Deshalb entwickeln wir uns st\u00e4ndig weiter und verbessern unsere Dienstleistungen. Wir legen Wert auf langfristige Partnerschaften mit Kunden und Mitarbeitern.<\/p>\n<p>Wir setzen h\u00f6chste Qualit\u00e4tsstandards im Transport und Spedition und orientieren uns immer an Professionalit\u00e4t und Kundenzufriedenheit. Zertifikate und Lizenzen best\u00e4tigen, dass wir ein vertrauensw\u00fcrdiges und zuverl\u00e4ssiges Unternehmen sind.<\/p>\n<p>Wir laden Sie ein, sich mit allen erforderlichen Dokumenten vertraut zu machen, die Bial-Mich berechtigen, Gesch\u00e4ftst\u00e4tig<\/p>\n<p>&nbsp;[\/vc_column_text][\/vc_column][vc_column width=&#8220;1\/3&#8243;][vc_single_image image=&#8220;8023&#8243; img_size=&#8220;medium&#8220; alignment=&#8220;center&#8220;][\/vc_column][\/vc_row][vc_row][vc_column][vc_column_text]<\/p>\n<p>Prosimy zapozna\u0107 si\u0119 z nasz\u0105 dokumentacj\u0105 firmow\u0105:<\/p>\n<p>[\/vc_column_text]<div class=\"ozy-iabox-wrapper\"><div class=\"ozy-iabox vc_col-sm-3\"  style=\"background-image:url(https:\/\/bialmich.com\/wp-content\/uploads\/2021\/09\/transport-01.jpg);background-color:#222222;min-height:260px;;text-align:left;\"><h4 style=\"color:#ffffff;\" class=\"heading\">Zertifikat f\u00fcr gute Vertriebspraxis<\/h4><a href=\"https:\/\/bialmich.com\/wp-content\/uploads\/2020\/09\/Certyfikat-Dobra-Praktyka-Dystrybucyjna-DPD.pdf\" target=\"_blank\" style=\"background-color:rgba(178,65,54,0.8)\"><h4 style=\"color:#ffffff;\" class=\"heading\">Zertifikat f\u00fcr gute Vertriebspraxis<\/h4><\/a><\/div><div class=\"ozy-iabox vc_col-sm-3\"  style=\"background-image:url(https:\/\/bialmich.com\/wp-content\/uploads\/2021\/09\/transport-02.jpg);background-color:#222222;min-height:260px;;text-align:left;\"><h4 style=\"color:#ffffff;\" class=\"heading\">ISO 9001-Zertifikat<\/h4><a href=\"https:\/\/bialmich.com\/wp-content\/uploads\/2020\/09\/Certyfikat-ISO-9001.pdf\" target=\"_blank\" style=\"background-color:rgba(178,65,54,0.8)\"><h4 style=\"color:#ffffff;\" class=\"heading\">ISO 9001-Zertifikat<\/h4><\/a><\/div><div class=\"ozy-iabox vc_col-sm-3\"  style=\"background-image:url(https:\/\/bialmich.com\/wp-content\/uploads\/2021\/09\/transport-03.jpg);background-color:#222222;min-height:260px;;text-align:left;\"><h4 style=\"color:#ffffff;\" class=\"heading\">Zertifikat ``Willkommene Firma``<\/h4><a href=\"https:\/\/bialmich.com\/wp-content\/uploads\/2020\/05\/Bial-Mich_Firma_Dobrze_Widziana.pdf\" target=\"_blank\" style=\"background-color:rgba(178,65,54,0.8)\"><h4 style=\"color:#ffffff;\" class=\"heading\">Zertifikat ``Willkommene Firma``<\/h4><\/a><\/div><div class=\"ozy-iabox vc_col-sm-3\"  style=\"background-image:url(https:\/\/bialmich.com\/wp-content\/uploads\/2021\/09\/transport-04.jpg);background-color:#222222;min-height:260px;;text-align:left;\"><h4 style=\"color:#ffffff;\" class=\"heading\">TCF Elite-Zertifikat<\/h4><a href=\"https:\/\/bialmich.com\/wp-content\/uploads\/2020\/01\/PL_Trans_TCF_Certyfikat_BIAL-MICH-Sp.-z-o.o.-Sp.-k..pdf\" target=\"_blank\" style=\"background-color:rgba(178,65,54,0.8)\"><h4 style=\"color:#ffffff;\" class=\"heading\">TCF Elite-Zertifikat<\/h4><\/a><\/div><div class=\"ozy-iabox vc_col-sm-3\"  style=\"background-image:url(https:\/\/bialmich.com\/wp-content\/uploads\/2021\/09\/transport-06.jpg);background-color:#222222;min-height:260px;;text-align:left;\"><h4 style=\"color:#ffffff;\" class=\"heading\">SQAS-Zusammenfassungsbericht<\/h4><a href=\"https:\/\/bialmich.com\/wp-content\/uploads\/2026\/04\/sqas-certyfikat.pdf\" target=\"_blank\" style=\"background-color:rgba(178,65,54,0.8)\"><h4 style=\"color:#ffffff;\" class=\"heading\">SQAS-Zusammenfassungsbericht<\/h4><\/a><\/div><div class=\"ozy-iabox vc_col-sm-3\"  style=\"background-image:url(https:\/\/bialmich.com\/wp-content\/uploads\/2021\/09\/transport-11.jpg);background-color:#222222;min-height:260px;;text-align:left;\"><h4 style=\"color:#ffffff;\" class=\"heading\">Bescheinigung \u00fcber die Registrierungsnummer REGON<\/h4><a href=\"https:\/\/bialmich.com\/wp-content\/uploads\/2018\/10\/regon-e1436439027977-752x1024.pdf\" target=\"_blank\" style=\"background-color:rgba(178,65,54,0.8)\"><h4 style=\"color:#ffffff;\" class=\"heading\">Bescheinigung \u00fcber die Registrierungsnummer REGON<\/h4><\/a><\/div><div class=\"ozy-iabox vc_col-sm-3\"  style=\"background-image:url(https:\/\/bialmich.com\/wp-content\/uploads\/2021\/09\/transport-13.jpg);background-color:#222222;min-height:260px;;text-align:left;\"><h4 style=\"color:#ffffff;\" class=\"heading\">Bescheinigung \u00fcber die Steueridentifikationsnummer<\/h4><a href=\"https:\/\/bialmich.com\/wp-content\/uploads\/2018\/10\/nip_Bialmich.pdf\" target=\"_blank\" style=\"background-color:rgba(178,65,54,0.8)\"><h4 style=\"color:#ffffff;\" class=\"heading\">Bescheinigung \u00fcber die Steueridentifikationsnummer<\/h4><\/a><\/div><div class=\"ozy-iabox vc_col-sm-3\"  style=\"background-image:url(https:\/\/bialmich.com\/wp-content\/uploads\/2021\/09\/transport-05.jpg);background-color:#222222;min-height:260px;;text-align:left;\"><h4 style=\"color:#ffffff;\" class=\"heading\">Zertifikat f\u00fcr die Haftpflichtversicherung des Spediteurs und des vertraglichen Stra\u00dfentransporteurs<\/h4><a href=\"https:\/\/bialmich.com\/wp-content\/uploads\/2021\/02\/Certyfikat-OCS-OCPu-Niemcy-inne-BIAL-MICH-Sp-z-o-o-Sp-K-2021.pdf\" target=\"_blank\" style=\"background-color:rgba(178,65,54,0.8)\"><h4 style=\"color:#ffffff;\" class=\"heading\">Zertifikat f\u00fcr die Haftpflichtversicherung des Spediteurs und des vertraglichen Stra\u00dfentransporteurs<\/h4><\/a><\/div><div class=\"ozy-iabox vc_col-sm-3\"  style=\"background-image:url(https:\/\/bialmich.com\/wp-content\/uploads\/2021\/09\/transport-07.jpg);background-color:#222222;min-height:260px;;text-align:left;\"><h4 style=\"color:#ffffff;\" class=\"heading\">Lizenz f\u00fcr den Stra\u00dfentransport im Bereich der Frachtabwicklung<\/h4><a href=\"https:\/\/bialmich.com\/wp-content\/uploads\/2024\/11\/Licencja-spedycyjna-BIAL-MICH-Sp.-z-o.o.-Sp.-k.pdf\" target=\"_blank\" style=\"background-color:rgba(178,65,54,0.8)\"><h4 style=\"color:#ffffff;\" class=\"heading\">Lizenz f\u00fcr den Stra\u00dfentransport im Bereich der Frachtabwicklung<\/h4><\/a><\/div><div class=\"ozy-iabox vc_col-sm-3\"  style=\"background-image:url(https:\/\/bialmich.com\/wp-content\/uploads\/2021\/09\/transport-08.jpg);background-color:#222222;min-height:260px;;text-align:left;\"><h4 style=\"color:#ffffff;\" class=\"heading\">Zertifikat \u00fcber die Teilnahme an der Schulung: Verkauf und Kundenservice<\/h4><a href=\"https:\/\/bialmich.com\/wp-content\/uploads\/2018\/10\/bialmich1.pdf\" target=\"_blank\" style=\"background-color:rgba(178,65,54,0.8)\"><h4 style=\"color:#ffffff;\" class=\"heading\">Zertifikat \u00fcber die Teilnahme an der Schulung: Verkauf und Kundenservice<\/h4><\/a><\/div><div class=\"ozy-iabox vc_col-sm-3\"  style=\"background-image:url(https:\/\/bialmich.com\/wp-content\/uploads\/2021\/09\/transport-09.jpg);background-color:#222222;min-height:260px;;text-align:left;\"><h4 style=\"color:#ffffff;\" class=\"heading\">Zertifikat \u00fcber die beruflichen Kompetenzen im Stra\u00dfentransport von G\u00fctern<\/h4><a href=\"https:\/\/bialmich.com\/wp-content\/uploads\/2018\/10\/Certyfikat-Kompetencji-Zawodowych-w-Drogowym-Transporcie-Rzeczy-724x1024.pdf\" target=\"_blank\" style=\"background-color:rgba(178,65,54,0.8)\"><h4 style=\"color:#ffffff;\" class=\"heading\">Zertifikat \u00fcber die beruflichen Kompetenzen im Stra\u00dfentransport von G\u00fctern<\/h4><\/a><\/div><div class=\"ozy-iabox vc_col-sm-3\"  style=\"background-image:url(https:\/\/bialmich.com\/wp-content\/uploads\/2021\/09\/transport-10.jpg);background-color:#222222;min-height:260px;;text-align:left;\"><h4 style=\"color:#ffffff;\" class=\"heading\">Best\u00e4tigung der Registrierung einer Einheit als EU-Mehrwertsteuerzahler<\/h4><a href=\"https:\/\/bialmich.com\/wp-content\/uploads\/2018\/10\/vatue_Bialmich.pdf\" target=\"_blank\" style=\"background-color:rgba(178,65,54,0.8)\"><h4 style=\"color:#ffffff;\" class=\"heading\">Best\u00e4tigung der Registrierung einer Einheit als EU-Mehrwertsteuerzahler<\/h4><\/a><\/div><div class=\"ozy-iabox vc_col-sm-3\"  style=\"background-image:url(https:\/\/bialmich.com\/wp-content\/uploads\/2021\/09\/transport-14.jpg);background-color:#222222;min-height:260px;;text-align:left;\"><h4 style=\"color:#ffffff;\" class=\"heading\">Zertifikat \u00fcber den Abschluss der Schulung: Internationaler Transport und Spedition im Au\u00dfenhandel<\/h4><a href=\"https:\/\/bialmich.com\/wp-content\/uploads\/2018\/10\/dokument-1024x724.pdf\" target=\"_blank\" style=\"background-color:rgba(178,65,54,0.8)\"><h4 style=\"color:#ffffff;\" class=\"heading\">Zertifikat \u00fcber den Abschluss der Schulung: Internationaler Transport und Spedition im Au\u00dfenhandel<\/h4><\/a><\/div><div class=\"ozy-iabox vc_col-sm-3\"  style=\"background-image:url(https:\/\/bialmich.com\/wp-content\/uploads\/2022\/01\/import-export.jpg);background-color:#222222;min-height:260px;;text-align:left;\"><h4 style=\"color:#ffffff;\" class=\"heading\">AEO-Genehmigung f\u00fcr Zollvereinfachungen, g\u00fcltig ab dem 26. Dezember 2021<\/h4><a href=\"https:\/\/bialmich.com\/wp-content\/uploads\/2022\/01\/pozwolenie-aeo-2021-12.pdf\" target=\"_blank\" style=\"background-color:rgba(178,65,54,0.8)\"><h4 style=\"color:#ffffff;\" class=\"heading\">AEO-Genehmigung f\u00fcr Zollvereinfachungen, g\u00fcltig ab dem 26. Dezember 2021<\/h4><\/a><\/div><\/div>[\/vc_column][\/vc_row][vc_row][vc_column]<div style=\"height:90px\" class=\"ozy-spacer\"><\/div>[\/vc_column][\/vc_row]<\/p>\n<\/section>","protected":false},"excerpt":{"rendered":"<p>[vc_row][vc_column][vc_column_text] Wir sind ein Unternehmen mit langj\u00e4hriger Erfahrung und bieten umfassende Dienstleistungen im Bereich Transport, Logistik und Spedition an. F\u00fcr uns z\u00e4hlen Professionalit\u00e4t in der Arbeitsweise und hohe Qualit\u00e4t im [&hellip;]<\/p>\n","protected":false},"author":10,"featured_media":0,"parent":0,"menu_order":5,"comment_status":"closed","ping_status":"closed","template":"","meta":{"ngg_post_thumbnail":0,"footnotes":""},"yoast_head":"<!-- This site is optimized with the Yoast SEO Premium plugin v18.1 (Yoast SEO v20.13) - https:\/\/yoast.com\/wordpress\/plugins\/seo\/ -->\n<title>DOKUMENTE - BialMich<\/title>\n<meta name=\"robots\" content=\"index, follow, max-snippet:-1, max-image-preview:large, max-video-preview:-1\" \/>\n<link rel=\"canonical\" href=\"https:\/\/bialmich.com\/de\/dokumente\/\" \/>\n<meta property=\"og:locale\" content=\"de_DE\" \/>\n<meta property=\"og:type\" content=\"article\" \/>\n<meta property=\"og:title\" content=\"DOKUMENTE\" \/>\n<meta property=\"og:description\" content=\"[vc_row][vc_column][vc_column_text] Wir sind ein Unternehmen mit langj\u00e4hriger Erfahrung und bieten umfassende Dienstleistungen im Bereich Transport, Logistik und Spedition an. F\u00fcr uns z\u00e4hlen Professionalit\u00e4t in der Arbeitsweise und hohe Qualit\u00e4t im [&hellip;]\" \/>\n<meta property=\"og:url\" content=\"https:\/\/bialmich.com\/de\/dokumente\/\" \/>\n<meta property=\"og:site_name\" content=\"BialMich\" \/>\n<meta property=\"article:modified_time\" content=\"2026-04-21T08:13:17+00:00\" \/>\n<meta name=\"twitter:card\" content=\"summary_large_image\" \/>\n<meta name=\"twitter:label1\" content=\"Gesch\u00e4tzte Lesezeit\" \/>\n\t<meta name=\"twitter:data1\" content=\"4 Minuten\" \/>\n<script type=\"application\/ld+json\" class=\"yoast-schema-graph\">{\"@context\":\"https:\/\/schema.org\",\"@graph\":[{\"@type\":\"WebPage\",\"@id\":\"https:\/\/bialmich.com\/de\/dokumente\/\",\"url\":\"https:\/\/bialmich.com\/de\/dokumente\/\",\"name\":\"DOKUMENTE - BialMich\",\"isPartOf\":{\"@id\":\"https:\/\/bialmich.com\/de\/#website\"},\"datePublished\":\"2015-10-12T21:14:20+00:00\",\"dateModified\":\"2026-04-21T08:13:17+00:00\",\"breadcrumb\":{\"@id\":\"https:\/\/bialmich.com\/de\/dokumente\/#breadcrumb\"},\"inLanguage\":\"de-DE\",\"potentialAction\":[{\"@type\":\"ReadAction\",\"target\":[\"https:\/\/bialmich.com\/de\/dokumente\/\"]}]},{\"@type\":\"BreadcrumbList\",\"@id\":\"https:\/\/bialmich.com\/de\/dokumente\/#breadcrumb\",\"itemListElement\":[{\"@type\":\"ListItem\",\"position\":1,\"name\":\"Strona g\u0142\u00f3wna\",\"item\":\"https:\/\/bialmich.com\/de\/\"},{\"@type\":\"ListItem\",\"position\":2,\"name\":\"DOKUMENTE\"}]},{\"@type\":\"WebSite\",\"@id\":\"https:\/\/bialmich.com\/de\/#website\",\"url\":\"https:\/\/bialmich.com\/de\/\",\"name\":\"BialMich\",\"description\":\"\u00a0\u2014 Transport, spedycja i logistyka\",\"publisher\":{\"@id\":\"https:\/\/bialmich.com\/de\/#organization\"},\"potentialAction\":[{\"@type\":\"SearchAction\",\"target\":{\"@type\":\"EntryPoint\",\"urlTemplate\":\"https:\/\/bialmich.com\/de\/?s={search_term_string}\"},\"query-input\":\"required name=search_term_string\"}],\"inLanguage\":\"de-DE\"},{\"@type\":\"Organization\",\"@id\":\"https:\/\/bialmich.com\/de\/#organization\",\"name\":\"Bial-Mich Sp. z o.o. Sp. k.\",\"url\":\"https:\/\/bialmich.com\/de\/\",\"logo\":{\"@type\":\"ImageObject\",\"inLanguage\":\"de-DE\",\"@id\":\"https:\/\/bialmich.com\/de\/#\/schema\/logo\/image\/\",\"url\":\"https:\/\/bialmich.com\/wp-content\/uploads\/2015\/07\/Bial-Mich_logo_125.png\",\"contentUrl\":\"https:\/\/bialmich.com\/wp-content\/uploads\/2015\/07\/Bial-Mich_logo_125.png\",\"width\":125,\"height\":125,\"caption\":\"Bial-Mich Sp. z o.o. Sp. k.\"},\"image\":{\"@id\":\"https:\/\/bialmich.com\/de\/#\/schema\/logo\/image\/\"}}]}<\/script>\n<!-- \/ Yoast SEO Premium plugin. -->","yoast_head_json":{"title":"DOKUMENTE - BialMich","robots":{"index":"index","follow":"follow","max-snippet":"max-snippet:-1","max-image-preview":"max-image-preview:large","max-video-preview":"max-video-preview:-1"},"canonical":"https:\/\/bialmich.com\/de\/dokumente\/","og_locale":"de_DE","og_type":"article","og_title":"DOKUMENTE","og_description":"[vc_row][vc_column][vc_column_text] Wir sind ein Unternehmen mit langj\u00e4hriger Erfahrung und bieten umfassende Dienstleistungen im Bereich Transport, Logistik und Spedition an. F\u00fcr uns z\u00e4hlen Professionalit\u00e4t in der Arbeitsweise und hohe Qualit\u00e4t im [&hellip;]","og_url":"https:\/\/bialmich.com\/de\/dokumente\/","og_site_name":"BialMich","article_modified_time":"2026-04-21T08:13:17+00:00","twitter_card":"summary_large_image","twitter_misc":{"Gesch\u00e4tzte Lesezeit":"4 Minuten"},"schema":{"@context":"https:\/\/schema.org","@graph":[{"@type":"WebPage","@id":"https:\/\/bialmich.com\/de\/dokumente\/","url":"https:\/\/bialmich.com\/de\/dokumente\/","name":"DOKUMENTE - BialMich","isPartOf":{"@id":"https:\/\/bialmich.com\/de\/#website"},"datePublished":"2015-10-12T21:14:20+00:00","dateModified":"2026-04-21T08:13:17+00:00","breadcrumb":{"@id":"https:\/\/bialmich.com\/de\/dokumente\/#breadcrumb"},"inLanguage":"de-DE","potentialAction":[{"@type":"ReadAction","target":["https:\/\/bialmich.com\/de\/dokumente\/"]}]},{"@type":"BreadcrumbList","@id":"https:\/\/bialmich.com\/de\/dokumente\/#breadcrumb","itemListElement":[{"@type":"ListItem","position":1,"name":"Strona g\u0142\u00f3wna","item":"https:\/\/bialmich.com\/de\/"},{"@type":"ListItem","position":2,"name":"DOKUMENTE"}]},{"@type":"WebSite","@id":"https:\/\/bialmich.com\/de\/#website","url":"https:\/\/bialmich.com\/de\/","name":"BialMich","description":"\u00a0\u2014 Transport, spedycja i logistyka","publisher":{"@id":"https:\/\/bialmich.com\/de\/#organization"},"potentialAction":[{"@type":"SearchAction","target":{"@type":"EntryPoint","urlTemplate":"https:\/\/bialmich.com\/de\/?s={search_term_string}"},"query-input":"required name=search_term_string"}],"inLanguage":"de-DE"},{"@type":"Organization","@id":"https:\/\/bialmich.com\/de\/#organization","name":"Bial-Mich Sp. z o.o. Sp. k.","url":"https:\/\/bialmich.com\/de\/","logo":{"@type":"ImageObject","inLanguage":"de-DE","@id":"https:\/\/bialmich.com\/de\/#\/schema\/logo\/image\/","url":"https:\/\/bialmich.com\/wp-content\/uploads\/2015\/07\/Bial-Mich_logo_125.png","contentUrl":"https:\/\/bialmich.com\/wp-content\/uploads\/2015\/07\/Bial-Mich_logo_125.png","width":125,"height":125,"caption":"Bial-Mich Sp. z o.o. Sp. k."},"image":{"@id":"https:\/\/bialmich.com\/de\/#\/schema\/logo\/image\/"}}]}},"_links":{"self":[{"href":"https:\/\/bialmich.com\/de\/wp-json\/wp\/v2\/pages\/2174"}],"collection":[{"href":"https:\/\/bialmich.com\/de\/wp-json\/wp\/v2\/pages"}],"about":[{"href":"https:\/\/bialmich.com\/de\/wp-json\/wp\/v2\/types\/page"}],"author":[{"embeddable":true,"href":"https:\/\/bialmich.com\/de\/wp-json\/wp\/v2\/users\/10"}],"replies":[{"embeddable":true,"href":"https:\/\/bialmich.com\/de\/wp-json\/wp\/v2\/comments?post=2174"}],"version-history":[{"count":23,"href":"https:\/\/bialmich.com\/de\/wp-json\/wp\/v2\/pages\/2174\/revisions"}],"predecessor-version":[{"id":10302,"href":"https:\/\/bialmich.com\/de\/wp-json\/wp\/v2\/pages\/2174\/revisions\/10302"}],"wp:attachment":[{"href":"https:\/\/bialmich.com\/de\/wp-json\/wp\/v2\/media?parent=2174"}],"curies":[{"name":"wp","href":"https:\/\/api.w.org\/{rel}","templated":true}]}}