{"id":2131,"date":"2015-10-11T07:31:41","date_gmt":"2015-10-11T05:31:41","guid":{"rendered":"\/de\/?page_id=2131"},"modified":"2022-01-04T20:00:44","modified_gmt":"2022-01-04T19:00:44","slug":"homepage","status":"publish","type":"page","link":"https:\/\/bialmich.com\/de\/homepage\/","title":{"rendered":"HAUPTSEITE"},"content":{"rendered":"<section class=\"wpb-content-wrapper\"><p>[vc_row row_fullwidth=&#8220;1&#8243; row_fullheight=&#8220;1&#8243; bg_parallax=&#8220;off&#8220; bg_slider=&#8220;on&#8220; css=&#8220;.vc_custom_1436542157527{margin-top: 0px !important;margin-bottom: 0px !important;padding-top: 70px !important;padding-right: 20px !important;padding-bottom: 30px !important;padding-left: 20px !important;background-color: #202121 !important;}&#8220; bg_slider_images=&#8220;1741,1745,1744&#8243; font_color=&#8220;#ffffff&#8220;][vc_column][vc_column_text css=&#8220;.vc_custom_1445846402093{margin-bottom: 0px !important;padding-bottom: 0px !important;}&#8220;]<\/p>\n<h4 style=\"text-align: center;\">&nbsp;&nbsp;NATIONALE UND INTERNATIONALE VERBINDUNGEN: EUROP\u00c4ISCHE UNION, WEI\u00dfRUSSLAND, UKRAINE, RUSSLAND, KASACHSTAN, USBEKISTAN.<\/h4>\n<h4 style=\"text-align: center;\">&nbsp;<\/h4>\n<p>[\/vc_column_text][vc_custom_heading text=&#8220;KOMPLEXE LOGISTIK- UND SPEDITIONSDIENSTLEISTUNGEN.&#8220; font_container=&#8220;tag:h2|font_size:70|text_align:center|color:%23ffffff|line_height:74px&#8220; google_fonts=&#8220;font_family:Open%20Sans%3A300%2C300italic%2Cregular%2Citalic%2C600%2C600italic%2C700%2C700italic%2C800%2C800italic|font_style:800%20bold%20regular%3A800%3Anormal&#8220; css=&#8220;.vc_custom_1444572270356{padding-right: 20% !important;padding-left: 20% !important;}&#8220;][vc_row_inner css=&#8220;.vc_custom_1436267621585{padding-top: 280px !important;}&#8220;][vc_column_inner width=&#8220;1\/3&#8243;]<div class=\"ozy-simlple-info-box \" id=\"simple-info-box-2062\"  style=\"background:url(https:\/\/bialmich.com\/wp-content\/uploads\/2015\/07\/rsz_fotolia_76586602_subscription_monthly_xl.jpg)\"><section><h5>BIAL-MICH<\/h5><h2>\u00dcber uns Ihr Transport- Logistik- und Speditionspartner<\/h2><p>Wir sind erfahrene Firma, die das h\u00f6chste Niveau von Transport- Spedition- und Logistikdienstleistungen, die an Erwartungen jedes Kunden angepasst sind, anbietet.<\/p><a href=\"\/de\/uber_uns\/\" target=\"_self\">LIES MEHR<\/a>\n<\/section>\n<\/div>[\/vc_column_inner][vc_column_inner width=&#8220;1\/3&#8243;]<div class=\"ozy-simlple-info-box \" id=\"simple-info-box-7783\"  style=\"background:url(https:\/\/bialmich.com\/wp-content\/uploads\/2015\/07\/rsz_2fotolia_79753459_subscription_monthly_xxl.jpg)\"><section><h5>STRATEGISCHE LOKALISIERUNG.<\/h5><h2>Das breite Spektrum von Spedition- und Logistikdienstleistungen<\/h2><p>Dank der strategischen Lokalisierung k\u00f6nnen wir uns nicht nur auf die Bedienung der Kunden von Europ\u00e4ischen Union sondern auch von Osteuropa und Asien konzentrieren.<\/p><a href=\"\/de\/unsere_dienstleistungen\" target=\"_self\">LIES MEHR<\/a>\n<\/section>\n<\/div>[\/vc_column_inner][vc_column_inner width=&#8220;1\/3&#8243;]<div class=\"ozy-simlple-info-box \" id=\"simple-info-box-1112\"  style=\"background:url(https:\/\/bialmich.com\/wp-content\/uploads\/2015\/07\/rsz_2rsz_dsc_9689.jpg)\"><section><h5>AUF DEM WEG ZUM ZIEL<\/h5><h2>Blitzreaktion in Krisensituationen<\/h2><p>Unser Priorit\u00e4t ist, Ihre Ware sicher und termingerecht an bestimmte Ort und Stellen zu liefern, deswegen ist schnelle Reaktion in problematischen Situationen so wichtig.<\/p><a href=\"\/de\/warum_wir\/\" target=\"_self\">LIES MEHR<\/a>\n<\/section>\n<\/div>[\/vc_column_inner][\/vc_row_inner][\/vc_column][\/vc_row][vc_row bg_parallax=&#8220;on&#8220; font_color=&#8220;#ffffff&#8220; css=&#8220;.vc_custom_1436453538211{margin-top: 0px !important;margin-bottom: 0px !important;padding-top: 60px !important;padding-bottom: 120px !important;background-color: #555356 !important;}&#8220;][vc_column css=&#8220;.vc_custom_1436453659135{background-color: #555356 !important;}&#8220;]<h2 class=\"ozy-divider-cap-center wpb_content_element\">UNSERE DIENSTLEISTUNGEN<\/h2><div class=\"ozy-content-divider \" style=\"border-top-style:solid;border-top-width:2px;border-top-color:#b2504e;width:40px;max-width:40px;margin:20px auto;\"><\/div>[vc_row_inner][vc_column_inner width=&#8220;1\/2&#8243;]<div id=\"tile-with-icon_icon4356\" class=\"title-with-icon-wrapper clear xxlarge \" data-color=\"\"><div class=\"wpb_content_element title-with-icon clearfix margin-bottom-0 \"><span  style=\"color:#b2504e !important;background-color: !important;\" class=\"oic-flaticon1-logistics4 clear xxlarge \" ><\/span><h3 class=\"content-color\" style=\"\">Wir spezialisieren uns im LKW-s Transport<\/h3><\/div><div class=\"wpb_content_element left-cs title-with-icon-content xxlarge clearfix\" style=\"\">und bieten das breite Spektrum der Transportm\u00f6glichkeiten, von Sch\u00fcttg\u00fcter bis zu Gefahrgut.<\/p>\n<p><\/div><\/div><div id=\"tile-with-icon_icon4964\" class=\"title-with-icon-wrapper clear xxlarge \" data-color=\"\"><div class=\"wpb_content_element title-with-icon clearfix margin-bottom-0 \"><span  style=\"color:#b2504e !important;background-color: !important;\" class=\"oic-flaticon1-storage17 clear xxlarge \" ><\/span><h3 class=\"content-color\" style=\"\">Zusatzdienstleistungen<\/h3><\/div><div class=\"wpb_content_element left-cs title-with-icon-content xxlarge clearfix\" style=\"\">Je nach dem Bedarf unseren Kunden erm\u00f6glichen wir zus\u00e4tzliche Dienstleistungen wie Zollabfertigung, Lagerung oder Umladung.<\/p>\n<p><\/div><\/div>[\/vc_column_inner][vc_column_inner width=&#8220;1\/2&#8243;]<div id=\"tile-with-icon_icon7838\" class=\"title-with-icon-wrapper clear xxlarge \" data-color=\"\"><div class=\"wpb_content_element title-with-icon clearfix margin-bottom-0 \"><span  style=\"color:#b2504e !important;background-color: !important;\" class=\"oic-clock-1 clear xxlarge \" ><\/span><h3 class=\"content-color\" style=\"\">Termingerecht<\/h3><\/div><div class=\"wpb_content_element left-cs title-with-icon-content xxlarge clearfix\" style=\"\">Wir garantieren termingerechte Lieferungen.<\/p>\n<p><\/div><\/div><div id=\"tile-with-icon_icon5913\" class=\"title-with-icon-wrapper clear xxlarge \" data-color=\"\"><div class=\"wpb_content_element title-with-icon clearfix margin-bottom-0 \"><span  style=\"color:#b2504e !important;background-color: !important;\" class=\"oic-users clear xxlarge \" ><\/span><h3 class=\"content-color\" style=\"\">Vielj\u00e4hrige Erfahrung<\/h3><\/div><div class=\"wpb_content_element left-cs title-with-icon-content xxlarge clearfix\" style=\"\">BIAL-MICH ist ein innovatives Unternehmen, das von Leuten mit vielj\u00e4hrigen Erfahrung in TSL Branche gebildet wurde.<\/p>\n<p><\/div><\/div>[\/vc_column_inner][\/vc_row_inner][\/vc_column][\/vc_row][vc_row][vc_column][vc_column_text]<\/p>\n<p>[\/vc_column_text][\/vc_column][\/vc_row][vc_row][vc_column width=&#8220;1\/6&#8243;][\/vc_column][vc_column width=&#8220;2\/3&#8243;][vc_empty_space height=&#8220;50px&#8220;]<h2 class=\"ozy-divider-cap-center wpb_content_element\">UNSERE ARBEITSWEISE WIRD ANERKANNT DURCH:<\/h2><div class=\"ozy-content-divider \" style=\"border-top-style:solid;border-top-width:2px;border-top-color:#b2504e;width:40px;max-width:40px;margin:20px auto;\"><\/div><div class=\"ozy-owlcarousel  \" data-autoplay=\"true\" data-items=\"5\" data-singleitem=\"false\" data-slidespeed=\"200\" data-paginationSpeed=\"800\" data-autoheight=\"false\">\n<div class=\"item\"><img class=\"lazyOwl\" data-src=\"https:\/\/bialmich.com\/wp-content\/uploads\/2021\/10\/Sqas.png\" src=\"https:\/\/bialmich.com\/wp-content\/themes\/logistic\/images\/blank-large.gif\" alt=\"\"\/><\/div><div class=\"item\"><img class=\"lazyOwl\" data-src=\"https:\/\/bialmich.com\/wp-content\/uploads\/2021\/10\/Rzetalna-firma.png\" src=\"https:\/\/bialmich.com\/wp-content\/themes\/logistic\/images\/blank-large.gif\" alt=\"\"\/><\/div><div class=\"item\"><img class=\"lazyOwl\" data-src=\"https:\/\/bialmich.com\/wp-content\/uploads\/2021\/10\/Iso.png\" src=\"https:\/\/bialmich.com\/wp-content\/themes\/logistic\/images\/blank-large.gif\" alt=\"\"\/><\/div><div class=\"item\"><img class=\"lazyOwl\" data-src=\"https:\/\/bialmich.com\/wp-content\/uploads\/2021\/10\/GDP.png\" src=\"https:\/\/bialmich.com\/wp-content\/themes\/logistic\/images\/blank-large.gif\" alt=\"\"\/><\/div><div class=\"item\"><img class=\"lazyOwl\" data-src=\"https:\/\/bialmich.com\/wp-content\/uploads\/2021\/10\/BCC.png\" src=\"https:\/\/bialmich.com\/wp-content\/themes\/logistic\/images\/blank-large.gif\" alt=\"\"\/><\/div><div class=\"item\"><img class=\"lazyOwl\" data-src=\"https:\/\/bialmich.com\/wp-content\/uploads\/2022\/01\/aeo-logo-mono-250.png\" src=\"https:\/\/bialmich.com\/wp-content\/themes\/logistic\/images\/blank-large.gif\" alt=\"\"\/><\/div>\n<\/div>[vc_empty_space height=&#8220;150px&#8220;][\/vc_column][vc_column width=&#8220;1\/6&#8243;][\/vc_column][\/vc_row][vc_column][\/vc_column]<\/p>\n<\/section>","protected":false},"excerpt":{"rendered":"<p>[vc_row row_fullwidth=&#8220;1&#8243; row_fullheight=&#8220;1&#8243; bg_parallax=&#8220;off&#8220; bg_slider=&#8220;on&#8220; css=&#8220;.vc_custom_1436542157527{margin-top: 0px !important;margin-bottom: 0px !important;padding-top: 70px !important;padding-right: 20px !important;padding-bottom: 30px !important;padding-left: 20px !important;background-color: #202121 !important;}&#8220; bg_slider_images=&#8220;1741,1745,1744&#8243; font_color=&#8220;#ffffff&#8220;][vc_column][vc_column_text css=&#8220;.vc_custom_1445846402093{margin-bottom: 0px !important;padding-bottom: 0px !important;}&#8220;] &nbsp;&nbsp;NATIONALE UND INTERNATIONALE [&hellip;]<\/p>\n","protected":false},"author":10,"featured_media":0,"parent":0,"menu_order":1,"comment_status":"open","ping_status":"closed","template":"","meta":{"ngg_post_thumbnail":0,"footnotes":""},"yoast_head":"<!-- This site is optimized with the Yoast SEO Premium plugin v18.1 (Yoast SEO v20.13) - https:\/\/yoast.com\/wordpress\/plugins\/seo\/ -->\n<title>HAUPTSEITE - BialMich<\/title>\n<meta name=\"robots\" content=\"index, follow, max-snippet:-1, max-image-preview:large, max-video-preview:-1\" \/>\n<link rel=\"canonical\" href=\"https:\/\/bialmich.com\/de\/homepage\/\" \/>\n<meta property=\"og:locale\" content=\"de_DE\" \/>\n<meta property=\"og:type\" content=\"article\" \/>\n<meta property=\"og:title\" content=\"HAUPTSEITE\" \/>\n<meta property=\"og:description\" content=\"[vc_row row_fullwidth=&#8220;1&#8243; row_fullheight=&#8220;1&#8243; bg_parallax=&#8220;off&#8220; bg_slider=&#8220;on&#8220; css=&#8220;.vc_custom_1436542157527{margin-top: 0px !important;margin-bottom: 0px !important;padding-top: 70px !important;padding-right: 20px !important;padding-bottom: 30px !important;padding-left: 20px !important;background-color: #202121 !important;}&#8220; bg_slider_images=&#8220;1741,1745,1744&#8243; font_color=&#8220;#ffffff&#8220;][vc_column][vc_column_text css=&#8220;.vc_custom_1445846402093{margin-bottom: 0px !important;padding-bottom: 0px !important;}&#8220;] &nbsp;&nbsp;NATIONALE UND INTERNATIONALE [&hellip;]\" \/>\n<meta property=\"og:url\" content=\"https:\/\/bialmich.com\/de\/homepage\/\" \/>\n<meta property=\"og:site_name\" content=\"BialMich\" \/>\n<meta property=\"article:modified_time\" content=\"2022-01-04T19:00:44+00:00\" \/>\n<meta name=\"twitter:card\" content=\"summary_large_image\" \/>\n<meta name=\"twitter:label1\" content=\"Gesch\u00e4tzte Lesezeit\" \/>\n\t<meta name=\"twitter:data1\" content=\"3 Minuten\" \/>\n<script type=\"application\/ld+json\" class=\"yoast-schema-graph\">{\"@context\":\"https:\/\/schema.org\",\"@graph\":[{\"@type\":\"WebPage\",\"@id\":\"https:\/\/bialmich.com\/de\/homepage\/\",\"url\":\"https:\/\/bialmich.com\/de\/homepage\/\",\"name\":\"HAUPTSEITE - BialMich\",\"isPartOf\":{\"@id\":\"https:\/\/bialmich.com\/de\/#website\"},\"datePublished\":\"2015-10-11T05:31:41+00:00\",\"dateModified\":\"2022-01-04T19:00:44+00:00\",\"breadcrumb\":{\"@id\":\"https:\/\/bialmich.com\/de\/homepage\/#breadcrumb\"},\"inLanguage\":\"de-DE\",\"potentialAction\":[{\"@type\":\"ReadAction\",\"target\":[\"https:\/\/bialmich.com\/de\/homepage\/\"]}]},{\"@type\":\"BreadcrumbList\",\"@id\":\"https:\/\/bialmich.com\/de\/homepage\/#breadcrumb\",\"itemListElement\":[{\"@type\":\"ListItem\",\"position\":1,\"name\":\"Strona g\u0142\u00f3wna\",\"item\":\"https:\/\/bialmich.com\/de\/\"},{\"@type\":\"ListItem\",\"position\":2,\"name\":\"HAUPTSEITE\"}]},{\"@type\":\"WebSite\",\"@id\":\"https:\/\/bialmich.com\/de\/#website\",\"url\":\"https:\/\/bialmich.com\/de\/\",\"name\":\"BialMich\",\"description\":\"\u00a0\u2014 Transport, spedycja i logistyka\",\"publisher\":{\"@id\":\"https:\/\/bialmich.com\/de\/#organization\"},\"potentialAction\":[{\"@type\":\"SearchAction\",\"target\":{\"@type\":\"EntryPoint\",\"urlTemplate\":\"https:\/\/bialmich.com\/de\/?s={search_term_string}\"},\"query-input\":\"required name=search_term_string\"}],\"inLanguage\":\"de-DE\"},{\"@type\":\"Organization\",\"@id\":\"https:\/\/bialmich.com\/de\/#organization\",\"name\":\"Bial-Mich Sp. z o.o. Sp. k.\",\"url\":\"https:\/\/bialmich.com\/de\/\",\"logo\":{\"@type\":\"ImageObject\",\"inLanguage\":\"de-DE\",\"@id\":\"https:\/\/bialmich.com\/de\/#\/schema\/logo\/image\/\",\"url\":\"https:\/\/bialmich.com\/wp-content\/uploads\/2015\/07\/Bial-Mich_logo_125.png\",\"contentUrl\":\"https:\/\/bialmich.com\/wp-content\/uploads\/2015\/07\/Bial-Mich_logo_125.png\",\"width\":125,\"height\":125,\"caption\":\"Bial-Mich Sp. z o.o. Sp. k.\"},\"image\":{\"@id\":\"https:\/\/bialmich.com\/de\/#\/schema\/logo\/image\/\"}}]}<\/script>\n<!-- \/ Yoast SEO Premium plugin. -->","yoast_head_json":{"title":"HAUPTSEITE - BialMich","robots":{"index":"index","follow":"follow","max-snippet":"max-snippet:-1","max-image-preview":"max-image-preview:large","max-video-preview":"max-video-preview:-1"},"canonical":"https:\/\/bialmich.com\/de\/homepage\/","og_locale":"de_DE","og_type":"article","og_title":"HAUPTSEITE","og_description":"[vc_row row_fullwidth=&#8220;1&#8243; row_fullheight=&#8220;1&#8243; bg_parallax=&#8220;off&#8220; bg_slider=&#8220;on&#8220; css=&#8220;.vc_custom_1436542157527{margin-top: 0px !important;margin-bottom: 0px !important;padding-top: 70px !important;padding-right: 20px !important;padding-bottom: 30px !important;padding-left: 20px !important;background-color: #202121 !important;}&#8220; bg_slider_images=&#8220;1741,1745,1744&#8243; font_color=&#8220;#ffffff&#8220;][vc_column][vc_column_text css=&#8220;.vc_custom_1445846402093{margin-bottom: 0px !important;padding-bottom: 0px !important;}&#8220;] &nbsp;&nbsp;NATIONALE UND INTERNATIONALE [&hellip;]","og_url":"https:\/\/bialmich.com\/de\/homepage\/","og_site_name":"BialMich","article_modified_time":"2022-01-04T19:00:44+00:00","twitter_card":"summary_large_image","twitter_misc":{"Gesch\u00e4tzte Lesezeit":"3 Minuten"},"schema":{"@context":"https:\/\/schema.org","@graph":[{"@type":"WebPage","@id":"https:\/\/bialmich.com\/de\/homepage\/","url":"https:\/\/bialmich.com\/de\/homepage\/","name":"HAUPTSEITE - BialMich","isPartOf":{"@id":"https:\/\/bialmich.com\/de\/#website"},"datePublished":"2015-10-11T05:31:41+00:00","dateModified":"2022-01-04T19:00:44+00:00","breadcrumb":{"@id":"https:\/\/bialmich.com\/de\/homepage\/#breadcrumb"},"inLanguage":"de-DE","potentialAction":[{"@type":"ReadAction","target":["https:\/\/bialmich.com\/de\/homepage\/"]}]},{"@type":"BreadcrumbList","@id":"https:\/\/bialmich.com\/de\/homepage\/#breadcrumb","itemListElement":[{"@type":"ListItem","position":1,"name":"Strona g\u0142\u00f3wna","item":"https:\/\/bialmich.com\/de\/"},{"@type":"ListItem","position":2,"name":"HAUPTSEITE"}]},{"@type":"WebSite","@id":"https:\/\/bialmich.com\/de\/#website","url":"https:\/\/bialmich.com\/de\/","name":"BialMich","description":"\u00a0\u2014 Transport, spedycja i logistyka","publisher":{"@id":"https:\/\/bialmich.com\/de\/#organization"},"potentialAction":[{"@type":"SearchAction","target":{"@type":"EntryPoint","urlTemplate":"https:\/\/bialmich.com\/de\/?s={search_term_string}"},"query-input":"required name=search_term_string"}],"inLanguage":"de-DE"},{"@type":"Organization","@id":"https:\/\/bialmich.com\/de\/#organization","name":"Bial-Mich Sp. z o.o. Sp. k.","url":"https:\/\/bialmich.com\/de\/","logo":{"@type":"ImageObject","inLanguage":"de-DE","@id":"https:\/\/bialmich.com\/de\/#\/schema\/logo\/image\/","url":"https:\/\/bialmich.com\/wp-content\/uploads\/2015\/07\/Bial-Mich_logo_125.png","contentUrl":"https:\/\/bialmich.com\/wp-content\/uploads\/2015\/07\/Bial-Mich_logo_125.png","width":125,"height":125,"caption":"Bial-Mich Sp. z o.o. Sp. k."},"image":{"@id":"https:\/\/bialmich.com\/de\/#\/schema\/logo\/image\/"}}]}},"_links":{"self":[{"href":"https:\/\/bialmich.com\/de\/wp-json\/wp\/v2\/pages\/2131"}],"collection":[{"href":"https:\/\/bialmich.com\/de\/wp-json\/wp\/v2\/pages"}],"about":[{"href":"https:\/\/bialmich.com\/de\/wp-json\/wp\/v2\/types\/page"}],"author":[{"embeddable":true,"href":"https:\/\/bialmich.com\/de\/wp-json\/wp\/v2\/users\/10"}],"replies":[{"embeddable":true,"href":"https:\/\/bialmich.com\/de\/wp-json\/wp\/v2\/comments?post=2131"}],"version-history":[{"count":10,"href":"https:\/\/bialmich.com\/de\/wp-json\/wp\/v2\/pages\/2131\/revisions"}],"predecessor-version":[{"id":5839,"href":"https:\/\/bialmich.com\/de\/wp-json\/wp\/v2\/pages\/2131\/revisions\/5839"}],"wp:attachment":[{"href":"https:\/\/bialmich.com\/de\/wp-json\/wp\/v2\/media?parent=2131"}],"curies":[{"name":"wp","href":"https:\/\/api.w.org\/{rel}","templated":true}]}}